{"id":16375,"date":"2022-05-24T06:43:35","date_gmt":"2022-05-24T06:43:35","guid":{"rendered":"https:\/\/mactwincashsecurity.com\/declaration-de-confidentialite\/"},"modified":"2022-05-24T06:43:36","modified_gmt":"2022-05-24T06:43:36","slug":"declaration-de-confidentialite","status":"publish","type":"page","link":"https:\/\/mactwincashsecurity.com\/fr\/declaration-de-confidentialite\/","title":{"rendered":"D\u00e9claration de confidentialit\u00e9"},"content":{"rendered":"<div class=\"fusion-fullwidth fullwidth-box fusion-builder-row-1 nonhundred-percent-fullwidth non-hundred-percent-height-scrolling fusion-equal-height-columns\" style=\"--awb-background-position:left top;--awb-border-radius-top-left:0px;--awb-border-radius-top-right:0px;--awb-border-radius-bottom-right:0px;--awb-border-radius-bottom-left:0px;--awb-padding-right:0px;--awb-padding-left:0px;--awb-background-color:#ffffff;--awb-border-sizes-top:0px;--awb-border-sizes-bottom:0px;--awb-flex-wrap:wrap;\" ><div class=\"fusion-builder-row fusion-row\"><div class=\"fusion-layout-column fusion_builder_column fusion-builder-column-0 fusion_builder_column_1_1 1_1 fusion-one-full fusion-column-first fusion-column-last fusion-column-no-min-height\" style=\"--awb-padding-top:85px;--awb-padding-right:12%;--awb-padding-bottom:85px;--awb-padding-left:12%;--awb-bg-size:cover;\"><div class=\"fusion-column-wrapper fusion-flex-column-wrapper-legacy\"><div class=\"fusion-column-content-centered\"><div class=\"fusion-column-content\"><div class=\"fusion-text fusion-text-1\"><h2 style=\"text-align: center;\">D\u00e9claration de confidentialit\u00e9<\/h2>\n<\/div><div class=\"fusion-sep-clear\"><\/div><div class=\"fusion-separator\" style=\"margin-left: auto;margin-right: auto;margin-top:0px;margin-bottom:30px;width:100%;max-width:206px;\"><div class=\"fusion-separator-border sep-single sep-solid\" style=\"--awb-height:20px;--awb-amount:20px;--awb-sep-color:#ee7824;border-color:#ee7824;border-top-width:2px;\"><\/div><\/div><div class=\"fusion-sep-clear\"><\/div><div class=\"fusion-text fusion-text-2\"><h3>Formulaires et donn\u00e9es personnelles<\/h3>\n<p>Mactwin respecte votre vie priv\u00e9e. Par le biais de formulaires sur notre site Web, Mactwin ne collecte et ne traite que les donn\u00e9es personnelles que vous nous avez consciemment fournies. Nous traitons ces donn\u00e9es personnelles de mani\u00e8re confidentielle et toujours conform\u00e9ment au R\u00e8glement g\u00e9n\u00e9ral sur la protection des donn\u00e9es (RGPD).<\/p>\n<p>Nous ne collectons des donn\u00e9es que pour pouvoir vous envoyer les informations demand\u00e9es, comme nos newsletters et nos livres blancs. Vous \u00eates libre de vous d\u00e9sabonner \u00e0 tout moment, apr\u00e8s quoi nous supprimerons vos donn\u00e9es de notre base de donn\u00e9es. Pour l&#8217;envoi de newsletters, nous utilisons MailChimp (voir ci-dessous).<\/p>\n<h3>Cookies<\/h3>\n<p>Mactwin utilise des cookies sur ce site. Un cookie est un petit fichier texte qui est automatiquement propos\u00e9 \u00e0 votre navigateur Internet. \u00c0 l&#8217;aide de cookies, nous collectons des informations sur l&#8217;utilisation de notre site Web, telles que les pages que vous avez visit\u00e9es et pendant combien de temps. Vous pouvez autoriser ou interdire l&#8217;utilisation de cookies en modifiant les param\u00e8tres de votre navigateur.<\/p>\n<h3>Google Analytics et Leadfeeder<\/h3>\n<p>Nous voulons que nos visiteurs trouvent rapidement et facilement sur notre site Web les informations qui les concernent. En utilisant Google et Leadfeeder, nous recueillons des informations que nous pouvons utiliser pour optimiser notre site Web. Mactwin g\u00e8re cela avec le plus grand soin pour votre vie priv\u00e9e. \u00c0 cette fin, nous avons non seulement sign\u00e9 les accords de traitement de donn\u00e9es requis avec Google et Leadfeeder, mais \u00e9galement pris les mesures suivantes\u00a0:<\/p>\n<ul>\n<li>Les 3 derniers chiffres de votre adresse IP sont anonymis\u00e9s ;<\/li>\n<li>Nous avons d\u00e9sactiv\u00e9 le &#8220;partage de donn\u00e9es&#8221; dans Google\u00a0;<\/li>\n<li>Nous n&#8217;utilisons aucun autre service Google, en combinaison avec les cookies de Google Analytics.<\/li>\n<\/ul>\n<p>Google respecte les politiques de confidentialit\u00e9 strictes du cadre EU-US Privacy Shield. Leadfeeder est une entreprise europ\u00e9enne et est conforme au RGPD. Pour plus d&#8217;informations, nous vous orientons vers <a href=\"https:\/\/policies.google.com\/?hl=en\">Politique de confidentialit\u00e9 de Google<\/a> et\u00a0<a href=\"https:\/\/www.leadfeeder.com\/privacy\/\">Politique de confidentialit\u00e9 de Leadfeeder<\/a>.<\/p>\n<h3>Newsletter et Mailchimp<\/h3>\n<p>Pour vous envoyer notre newsletter par e-mail, nous utilisons MailChimp. Cela nous permet, par exemple, de voir comment nos newsletters sont lues et \u00e0 quelle fr\u00e9quence un certain article est cliqu\u00e9. Nous utilisons ces informations pour am\u00e9liorer la pertinence du contenu de notre newsletter pour nos lecteurs. Tant que vous \u00eates abonn\u00e9, vos donn\u00e9es sont connues de MailChimp. MailChimp est conforme aux exigences strictes de confidentialit\u00e9 telles qu&#8217;\u00e9nonc\u00e9es dans le cadre du bouclier de protection des donn\u00e9es UE-\u00c9tats-Unis. Mactwin a sign\u00e9 un accord de traitement de donn\u00e9es avec Mailchimp. Pour plus d&#8217;informations, veuillez lire <a href=\"https:\/\/mailchimp.com\/legal\/privacy\/\">Politique de MailChimps sur les cookies et la confidentialit\u00e9<\/a>.<\/p>\n<h3>Vos droits d&#8217;acc\u00e8s, de rectification et d&#8217;effacement\/restriction<\/h3>\n<p>Si nous traitons vos donn\u00e9es personnelles, vous pouvez toujours invoquer votre droit d&#8217;acc\u00e8s, de rectification ou de suppression de ces donn\u00e9es. Si vous souhaitez restreindre ou modifier la mani\u00e8re dont vos donn\u00e9es personnelles sont utilis\u00e9es, veuillez contacter :<\/p>\n<p><strong>Mactwin Security International B.V.<br \/>\n<\/strong>P.O. Box 88<br \/>\n6666 ZH \u00a0HETEREN<br \/>\nLes Pays-Bas<\/p>\n<p>Vous pouvez \u00e9galement nous joindre par e-mail : <a href=\"mailto:info@mactwin.com\">info@mactwin.com<\/a>.<\/p>\n<\/div><div class=\"fusion-sep-clear\"><\/div><div class=\"fusion-separator fusion-full-width-sep\" style=\"margin-left: auto;margin-right: auto;margin-top:40px;width:100%;\"><\/div><div class=\"fusion-sep-clear\"><\/div><\/div><\/div><div class=\"fusion-clearfix\"><\/div><\/div><\/div><\/div><\/div>\n","protected":false},"excerpt":{"rendered":"","protected":false},"author":6,"featured_media":0,"parent":0,"menu_order":2,"comment_status":"closed","ping_status":"closed","template":"100-width.php","meta":{"footnotes":""},"class_list":["post-16375","page","type-page","status-publish","hentry"],"_links":{"self":[{"href":"https:\/\/mactwincashsecurity.com\/fr\/wp-json\/wp\/v2\/pages\/16375","targetHints":{"allow":["GET"]}}],"collection":[{"href":"https:\/\/mactwincashsecurity.com\/fr\/wp-json\/wp\/v2\/pages"}],"about":[{"href":"https:\/\/mactwincashsecurity.com\/fr\/wp-json\/wp\/v2\/types\/page"}],"author":[{"embeddable":true,"href":"https:\/\/mactwincashsecurity.com\/fr\/wp-json\/wp\/v2\/users\/6"}],"replies":[{"embeddable":true,"href":"https:\/\/mactwincashsecurity.com\/fr\/wp-json\/wp\/v2\/comments?post=16375"}],"version-history":[{"count":0,"href":"https:\/\/mactwincashsecurity.com\/fr\/wp-json\/wp\/v2\/pages\/16375\/revisions"}],"wp:attachment":[{"href":"https:\/\/mactwincashsecurity.com\/fr\/wp-json\/wp\/v2\/media?parent=16375"}],"curies":[{"name":"wp","href":"https:\/\/api.w.org\/{rel}","templated":true}]}}