{"id":16343,"date":"2022-05-17T14:13:48","date_gmt":"2022-05-17T14:13:48","guid":{"rendered":"https:\/\/mactwincashsecurity.com\/a-propos\/company-profileprofil-de-lentreprise\/"},"modified":"2022-05-24T07:03:07","modified_gmt":"2022-05-24T07:03:07","slug":"profil-de-lentreprise","status":"publish","type":"page","link":"https:\/\/mactwincashsecurity.com\/fr\/a-propos\/profil-de-lentreprise\/","title":{"rendered":"Profil de l&#8217;entreprise"},"content":{"rendered":"<p><div class=\"fusion-fullwidth fullwidth-box fusion-builder-row-1 nonhundred-percent-fullwidth non-hundred-percent-height-scrolling\" style=\"--awb-background-position:left top;--awb-border-sizes-top:0px;--awb-border-sizes-bottom:0px;--awb-border-sizes-left:0px;--awb-border-sizes-right:0px;--awb-border-radius-top-left:0px;--awb-border-radius-top-right:0px;--awb-border-radius-bottom-right:0px;--awb-border-radius-bottom-left:0px;--awb-padding-top:50px;--awb-padding-bottom:50px;--awb-background-color:#f5f5f5;--awb-flex-wrap:wrap;\" ><div class=\"fusion-builder-row fusion-row\"><div class=\"fusion-layout-column fusion_builder_column fusion-builder-column-0 fusion_builder_column_1_1 1_1 fusion-one-full fusion-column-first fusion-column-last\" style=\"--awb-bg-size:cover;\"><div class=\"fusion-column-wrapper fusion-flex-column-wrapper-legacy\"><div class=\"fusion-text fusion-text-1\"><h2 style=\"font-weight: 300; text-align: center;\">Envoie des criminels au ch\u00f4mage depuis 1978<\/h2>\n<\/div><div class=\"fusion-clearfix\"><\/div><\/div><\/div><\/div><\/div><div class=\"fusion-fullwidth fullwidth-box fusion-builder-row-2 fusion-flex-container nonhundred-percent-fullwidth non-hundred-percent-height-scrolling\" style=\"--awb-background-position:left top;--awb-border-sizes-top:0px;--awb-border-sizes-bottom:0px;--awb-border-sizes-left:0px;--awb-border-sizes-right:0px;--awb-border-radius-top-left:0px;--awb-border-radius-top-right:0px;--awb-border-radius-bottom-right:0px;--awb-border-radius-bottom-left:0px;--awb-padding-top:0px;--awb-padding-bottom:20px;--awb-margin-bottom:60px;--awb-background-color:#ffffff;--awb-flex-wrap:wrap;\" ><div class=\"fusion-builder-row fusion-row fusion-flex-align-items-flex-start fusion-flex-content-wrap\" style=\"max-width:1216.8px;margin-left: calc(-4% \/ 2 );margin-right: calc(-4% \/ 2 );\"><div class=\"fusion-layout-column fusion_builder_column fusion-builder-column-1 fusion_builder_column_1_1 1_1 fusion-flex-column\" style=\"--awb-bg-size:cover;--awb-width-large:100%;--awb-margin-top-large:-22px;--awb-spacing-right-large:1.92%;--awb-margin-bottom-large:0px;--awb-spacing-left-large:1.92%;--awb-width-medium:100%;--awb-spacing-right-medium:1.92%;--awb-spacing-left-medium:1.92%;--awb-width-small:100%;--awb-spacing-right-small:1.92%;--awb-spacing-left-small:1.92%;\"><div class=\"fusion-column-wrapper fusion-flex-justify-content-flex-start fusion-content-layout-column\"><div style=\"text-align:center;\"><a class=\"fusion-button button-flat fusion-button-default-size button-custom fusion-button-default button-1 fusion-button-default-span fusion-button-default-type\" style=\"--button_accent_color:#ffffff;--button_accent_hover_color:#ee7624;--button_border_hover_color:#ee7624;--button_border_width-top:1px;--button_border_width-right:1px;--button_border_width-bottom:1px;--button_border_width-left:1px;--button_gradient_top_color:#ee7624;--button_gradient_bottom_color:#ee7624;--button_gradient_top_color_hover:#ffffff;--button_gradient_bottom_color_hover:#ffffff;\" target=\"_self\" href=\"https:\/\/mactwincashsecurity.com\/fr\/a-propos\/contactez-nous\/\"><span class=\"fusion-button-text awb-button__text awb-button__text--default\">CONTACTEZ-NOUS<\/span><\/a><\/div><\/div><\/div><\/div><\/div>\n<div class=\"fusion-fullwidth fullwidth-box fusion-builder-row-3 nonhundred-percent-fullwidth non-hundred-percent-height-scrolling\" style=\"--awb-border-radius-top-left:0px;--awb-border-radius-top-right:0px;--awb-border-radius-bottom-right:0px;--awb-border-radius-bottom-left:0px;--awb-margin-top:40px;--awb-flex-wrap:wrap;\" ><div class=\"fusion-builder-row fusion-row\"><div class=\"fusion-layout-column fusion_builder_column fusion-builder-column-2 fusion_builder_column_1_1 1_1 fusion-one-full fusion-column-first fusion-column-last\" style=\"--awb-bg-size:cover;\"><div class=\"fusion-column-wrapper fusion-flex-column-wrapper-legacy\"><div class=\"fusion-text fusion-text-2\"><h4>\u00c0 la fin des ann\u00e9es 70 et au d\u00e9but des ann\u00e9es 80, il y a eu beaucoup d&#8217;attaques contre les op\u00e9rations de transport de fonds aux Pays-Bas. Chaque fois que de nouvelles contre-mesures ont \u00e9t\u00e9 introduites par les soci\u00e9t\u00e9s de CIT, les criminels ont utilis\u00e9 de plus en plus de violence. L&#8217;utilisation d&#8217;armes \u00e0 feu par les gardiens du CIT \u00e9tait l\u00e9galement interdite; peut-\u00eatre pour le mieux. On ne sait pas comment la course aux armements entre les criminels et les soci\u00e9t\u00e9s de CIT a pu s&#8217;intensifier.<\/h4>\n<h4>De nos jours, il n&#8217;y a pratiquement aucune attaque contre les op\u00e9rations CIT aux Pays-Bas. Comment se fait-il? Parce qu&#8217;une petite \u00e9quipe d&#8217;experts en s\u00e9curit\u00e9 avait une vision : l\u00e0 o\u00f9 il n&#8217;y a pas de valeur, il n&#8217;y a pas de risque&#8230;<\/h4>\n<\/div><div class=\"fusion-sep-clear\"><\/div><div class=\"fusion-separator fusion-full-width-sep\" style=\"margin-left: auto;margin-right: auto;margin-bottom:80px;width:100%;\"><\/div><div class=\"fusion-sep-clear\"><\/div><div class=\"fusion-clearfix\"><\/div><\/div><\/div><\/div><\/div><div class=\"fusion-fullwidth fullwidth-box fusion-builder-row-4 nonhundred-percent-fullwidth non-hundred-percent-height-scrolling\" style=\"--awb-border-radius-top-left:0px;--awb-border-radius-top-right:0px;--awb-border-radius-bottom-right:0px;--awb-border-radius-bottom-left:0px;--awb-padding-top:80px;--awb-padding-bottom:80px;--awb-margin-top:0px;--awb-margin-bottom:0px;--awb-background-color:#eef4fa;--awb-flex-wrap:wrap;\" ><div class=\"fusion-builder-row fusion-row\"><div class=\"fusion-layout-column fusion_builder_column fusion-builder-column-3 fusion_builder_column_1_2 1_2 fusion-one-half fusion-column-first\" style=\"--awb-bg-size:cover;width:50%;width:calc(50% - ( ( 4% ) * 0.5 ) );margin-right: 4%;\"><div class=\"fusion-column-wrapper fusion-flex-column-wrapper-legacy\"><div class=\"fusion-text fusion-text-3\"><h2>Penser autrement; outside the box<\/h2>\n<\/div><div class=\"fusion-sep-clear\"><\/div><div class=\"fusion-separator fusion-clearfix\" style=\"float:left;margin-top:20px;margin-bottom:50px;width:100%;max-width:206px;\"><div class=\"fusion-separator-border sep-single sep-solid\" style=\"--awb-height:20px;--awb-amount:20px;--awb-sep-color:#ee7624;border-color:#ee7624;border-top-width:1px;\"><\/div><\/div><div class=\"fusion-sep-clear\"><\/div><div class=\"fusion-text fusion-text-4\"><h4>Au lieu de rester dans les sentiers battus et d&#8217;appliquer des mesures de s\u00e9curit\u00e9 de plus en plus lourdes, cette \u00e9quipe a imagin\u00e9 une caisse s\u00e9curis\u00e9e. Une valise qui d\u00e9grade irr\u00e9versiblement l&#8217;argent en cas de vol ; le rendant ainsi sans valeur pour un criminel. Le r\u00e9sultat? En un rien de temps, les criminels savaient qu&#8217;une attaque contre une op\u00e9ration CIT \u00e9tait futile.<\/h4>\n<h4>Le nombre de cambriolages a chut\u00e9 drastiquement. Les gardiens de TDF ont pu \u00e0 nouveau transporter de l&#8217;argent en toute s\u00e9curit\u00e9 et retourner encore dans leurs familles le soir, sains et saufs.<\/h4>\n<\/div><div class=\"fusion-clearfix\"><\/div><\/div><\/div><div class=\"fusion-layout-column fusion_builder_column fusion-builder-column-4 fusion_builder_column_1_2 1_2 fusion-one-half fusion-column-last\" style=\"--awb-bg-size:cover;width:50%;width:calc(50% - ( ( 4% ) * 0.5 ) );\"><div class=\"fusion-column-wrapper fusion-flex-column-wrapper-legacy\"><div class=\"fusion-image-element in-legacy-container\" style=\"--awb-caption-title-font-family:var(--h2_typography-font-family);--awb-caption-title-font-weight:var(--h2_typography-font-weight);--awb-caption-title-font-style:var(--h2_typography-font-style);--awb-caption-title-size:var(--h2_typography-font-size);--awb-caption-title-transform:var(--h2_typography-text-transform);--awb-caption-title-line-height:var(--h2_typography-line-height);--awb-caption-title-letter-spacing:var(--h2_typography-letter-spacing);\"><span class=\" fusion-imageframe imageframe-none imageframe-1 hover-type-none\"><img decoding=\"async\" width=\"415\" height=\"500\" title=\"MactwinBox-cashbox-security-ME4000-met-hood\" data-src=\"https:\/\/mactwincashsecurity.com\/wp-content\/uploads\/2017\/12\/MactwinBox-cashbox-security-ME4000-met-hood-e1516114682979.png\" alt class=\"img-responsive wp-image-12533 lazyload\" src=\"data:image\/svg+xml;base64,PHN2ZyB3aWR0aD0iMSIgaGVpZ2h0PSIxIiB4bWxucz0iaHR0cDovL3d3dy53My5vcmcvMjAwMC9zdmciPjwvc3ZnPg==\" style=\"--smush-placeholder-width: 415px; --smush-placeholder-aspect-ratio: 415\/500;\" \/><\/span><\/div><div class=\"fusion-clearfix\"><\/div><\/div><\/div><\/div><\/div><div class=\"fusion-fullwidth fullwidth-box fusion-builder-row-5 nonhundred-percent-fullwidth non-hundred-percent-height-scrolling\" style=\"--awb-border-radius-top-left:0px;--awb-border-radius-top-right:0px;--awb-border-radius-bottom-right:0px;--awb-border-radius-bottom-left:0px;--awb-padding-top:80px;--awb-flex-wrap:wrap;\" ><div class=\"fusion-builder-row fusion-row\"><div class=\"fusion-layout-column fusion_builder_column fusion-builder-column-5 fusion_builder_column_1_1 1_1 fusion-one-full fusion-column-first fusion-column-last\" style=\"--awb-bg-size:cover;\"><div class=\"fusion-column-wrapper fusion-flex-column-wrapper-legacy\"><div class=\"fusion-text fusion-text-5\"><h2 style=\"text-align: center;\">Notre fa\u00e7on de travailler<\/h2>\n<\/div><div class=\"fusion-sep-clear\"><\/div><div class=\"fusion-separator\" style=\"margin-left: auto;margin-right: auto;margin-top:0px;margin-bottom:30px;width:100%;max-width:206px;\"><div class=\"fusion-separator-border sep-single sep-solid\" style=\"--awb-height:20px;--awb-amount:20px;--awb-sep-color:#ee7624;border-color:#ee7624;border-top-width:1px;\"><\/div><\/div><div class=\"fusion-sep-clear\"><\/div><div class=\"fusion-text fusion-text-6\"><h4>La petite \u00e9quipe d&#8217;experts en s\u00e9curit\u00e9 \u00e9tait compos\u00e9e de sp\u00e9cialistes de Mactwin. Ils ont \u00e9tudi\u00e9 les processus et les risques de leurs clients et les m\u00e9thodes des criminels qui les ont vol\u00e9s. Cela a permis aux sp\u00e9cialistes de proposer cette solution r\u00e9ussie et innovante.<\/h4>\n<\/div><div class=\"fusion-clearfix\"><\/div><\/div><\/div><div class=\"fusion-layout-column fusion_builder_column fusion-builder-column-6 fusion_builder_column_1_2 1_2 fusion-one-half fusion-column-first\" style=\"--awb-bg-size:cover;width:50%;width:calc(50% - ( ( 4% ) * 0.5 ) );margin-right: 4%;\"><div class=\"fusion-column-wrapper fusion-flex-column-wrapper-legacy\"><div class=\"fusion-text fusion-text-7\"><p>Depuis lors, beaucoup de choses se sont pass\u00e9es dans le domaine des technologies de s\u00e9curit\u00e9, avec l&#8217;introduction de la communication mobile et d&#8217;Internet, par exemple. Les MO criminels ont \u00e9galement \u00e9volu\u00e9, mais le principe de la MactwinBox est toujours d&#8217;actualit\u00e9 et s&#8217;est av\u00e9r\u00e9 tr\u00e8s \u00e9volutif. Notre philosophie est que les criminels ne devraient jamais \u00eatre r\u00e9compens\u00e9s pour leurs efforts.<\/p>\n<\/div><div class=\"fusion-clearfix\"><\/div><\/div><\/div><div class=\"fusion-layout-column fusion_builder_column fusion-builder-column-7 fusion_builder_column_1_2 1_2 fusion-one-half fusion-column-last\" style=\"--awb-bg-size:cover;width:50%;width:calc(50% - ( ( 4% ) * 0.5 ) );\"><div class=\"fusion-column-wrapper fusion-flex-column-wrapper-legacy\"><div class=\"fusion-text fusion-text-8\"><p>Cette philosophie sous-tend chaque nouveau produit que nous d\u00e9veloppons, comme la d\u00e9gradation des esp\u00e8ces avec de la colle \u00e0 l&#8217;int\u00e9rieur des cassettes ATM, les solutions contre les attaques au gaz ATM et le contr\u00f4le d&#8217;acc\u00e8s pour les v\u00e9hicules TDF. Notre expertise dans le domaine de la s\u00e9curit\u00e9 des esp\u00e8ces ne cesse de cro\u00eetre, nous continuons d&#8217;innover et sommes maintenant reconnus internationalement comme une autorit\u00e9 dans les solutions de s\u00e9curit\u00e9 des esp\u00e8ces.<\/p>\n<\/div><div class=\"fusion-clearfix\"><\/div><\/div><\/div><\/div><\/div><\/p>\n","protected":false},"excerpt":{"rendered":"","protected":false},"author":6,"featured_media":0,"parent":16255,"menu_order":0,"comment_status":"closed","ping_status":"closed","template":"100-width.php","meta":{"footnotes":""},"class_list":["post-16343","page","type-page","status-publish","hentry"],"_links":{"self":[{"href":"https:\/\/mactwincashsecurity.com\/fr\/wp-json\/wp\/v2\/pages\/16343","targetHints":{"allow":["GET"]}}],"collection":[{"href":"https:\/\/mactwincashsecurity.com\/fr\/wp-json\/wp\/v2\/pages"}],"about":[{"href":"https:\/\/mactwincashsecurity.com\/fr\/wp-json\/wp\/v2\/types\/page"}],"author":[{"embeddable":true,"href":"https:\/\/mactwincashsecurity.com\/fr\/wp-json\/wp\/v2\/users\/6"}],"replies":[{"embeddable":true,"href":"https:\/\/mactwincashsecurity.com\/fr\/wp-json\/wp\/v2\/comments?post=16343"}],"version-history":[{"count":0,"href":"https:\/\/mactwincashsecurity.com\/fr\/wp-json\/wp\/v2\/pages\/16343\/revisions"}],"up":[{"embeddable":true,"href":"https:\/\/mactwincashsecurity.com\/fr\/wp-json\/wp\/v2\/pages\/16255"}],"wp:attachment":[{"href":"https:\/\/mactwincashsecurity.com\/fr\/wp-json\/wp\/v2\/media?parent=16343"}],"curies":[{"name":"wp","href":"https:\/\/api.w.org\/{rel}","templated":true}]}}