{"id":16241,"date":"2022-01-26T15:30:53","date_gmt":"2022-01-26T15:30:53","guid":{"rendered":"https:\/\/mactwincashsecurity.com\/notre-vision\/responsabilite\/"},"modified":"2022-01-26T15:47:37","modified_gmt":"2022-01-26T15:47:37","slug":"responsabilite","status":"publish","type":"page","link":"https:\/\/mactwincashsecurity.com\/fr\/notre-vision\/responsabilite\/","title":{"rendered":"Responsabilit\u00e9"},"content":{"rendered":"<p><div class=\"fusion-fullwidth fullwidth-box fusion-builder-row-1 nonhundred-percent-fullwidth non-hundred-percent-height-scrolling\" style=\"--awb-background-position:left top;--awb-border-sizes-top:0px;--awb-border-sizes-bottom:0px;--awb-border-sizes-left:0px;--awb-border-sizes-right:0px;--awb-border-radius-top-left:0px;--awb-border-radius-top-right:0px;--awb-border-radius-bottom-right:0px;--awb-border-radius-bottom-left:0px;--awb-padding-top:50px;--awb-padding-bottom:50px;--awb-background-color:#f5f5f5;--awb-flex-wrap:wrap;\" ><div class=\"fusion-builder-row fusion-row\"><div class=\"fusion-layout-column fusion_builder_column fusion-builder-column-0 fusion_builder_column_1_1 1_1 fusion-one-full fusion-column-first fusion-column-last\" style=\"--awb-bg-size:cover;\"><div class=\"fusion-column-wrapper fusion-flex-column-wrapper-legacy\"><div class=\"fusion-text fusion-text-1\"><h2 style=\"font-weight: 300; text-align: center;\">Nous cr\u00e9ons de la valeur partag\u00e9e pour l&#8217;industrie de la manipulation d&#8217;esp\u00e8ces<\/h2>\n<\/div><div class=\"fusion-clearfix\"><\/div><\/div><\/div><\/div><\/div><div class=\"fusion-fullwidth fullwidth-box fusion-builder-row-2 fusion-flex-container nonhundred-percent-fullwidth non-hundred-percent-height-scrolling\" style=\"--awb-background-position:left top;--awb-border-sizes-top:0px;--awb-border-sizes-bottom:0px;--awb-border-sizes-left:0px;--awb-border-sizes-right:0px;--awb-border-radius-top-left:0px;--awb-border-radius-top-right:0px;--awb-border-radius-bottom-right:0px;--awb-border-radius-bottom-left:0px;--awb-padding-top:0px;--awb-padding-bottom:20px;--awb-margin-bottom:60px;--awb-background-color:#ffffff;--awb-flex-wrap:wrap;\" ><div class=\"fusion-builder-row fusion-row fusion-flex-align-items-flex-start fusion-flex-content-wrap\" style=\"max-width:1216.8px;margin-left: calc(-4% \/ 2 );margin-right: calc(-4% \/ 2 );\"><div class=\"fusion-layout-column fusion_builder_column fusion-builder-column-1 fusion_builder_column_1_1 1_1 fusion-flex-column\" style=\"--awb-bg-size:cover;--awb-width-large:100%;--awb-margin-top-large:-22px;--awb-spacing-right-large:1.92%;--awb-margin-bottom-large:0px;--awb-spacing-left-large:1.92%;--awb-width-medium:100%;--awb-spacing-right-medium:1.92%;--awb-spacing-left-medium:1.92%;--awb-width-small:100%;--awb-spacing-right-small:1.92%;--awb-spacing-left-small:1.92%;\"><div class=\"fusion-column-wrapper fusion-flex-justify-content-flex-start fusion-content-layout-column\"><div style=\"text-align:center;\"><a class=\"fusion-button button-flat fusion-button-default-size button-custom fusion-button-default button-1 fusion-button-default-span fusion-button-default-type\" style=\"--button_accent_color:#ffffff;--button_accent_hover_color:#ee7624;--button_border_hover_color:#ee7624;--button_border_width-top:1px;--button_border_width-right:1px;--button_border_width-bottom:1px;--button_border_width-left:1px;--button_gradient_top_color:#ee7624;--button_gradient_bottom_color:#ee7624;--button_gradient_top_color_hover:#ffffff;--button_gradient_bottom_color_hover:#ffffff;\" target=\"_self\" href=\"https:\/\/mactwincashsecurity.com\/fr\/a-propos\/contactez-nous\/\"><span class=\"fusion-button-text awb-button__text awb-button__text--default\">CONTACTEZ-NOUS<\/span><\/a><\/div><\/div><\/div><\/div><\/div>\n<div class=\"fusion-fullwidth fullwidth-box fusion-builder-row-3 nonhundred-percent-fullwidth non-hundred-percent-height-scrolling\" style=\"--awb-border-radius-top-left:0px;--awb-border-radius-top-right:0px;--awb-border-radius-bottom-right:0px;--awb-border-radius-bottom-left:0px;--awb-margin-top:40px;--awb-flex-wrap:wrap;\" ><div class=\"fusion-builder-row fusion-row\"><div class=\"fusion-layout-column fusion_builder_column fusion-builder-column-2 fusion_builder_column_1_1 1_1 fusion-one-full fusion-column-first fusion-column-last\" style=\"--awb-bg-size:cover;\"><div class=\"fusion-column-wrapper fusion-flex-column-wrapper-legacy\"><div class=\"fusion-text fusion-text-2\"><h4>En tant que partenaire de MVO Nederland (RSE Pays-Bas), nous soutenons le manifeste de cette organisation. Le point de d\u00e9part de ce manifeste est que les entreprises connect\u00e9es s&#8217;efforcent d&#8217;atteindre un \u00e9quilibre entre les personnes, la plan\u00e8te et le profit, \u00e0 chaque d\u00e9cision d&#8217;entreprise. Mais peut-\u00eatre que notre certification FIRA en dit encore plus sur notre dynamisme dans ce domaine. Cela montre que nous relions l&#8217;entreprise au principe de la RSE et nous aide \u00e0 cr\u00e9er une \u00ab\u00a0valeur partag\u00e9e\u00a0\u00bb pour les clients, les fournisseurs et les autres parties prenantes.<\/h4>\n<\/div><div class=\"fusion-sep-clear\"><\/div><div class=\"fusion-separator fusion-full-width-sep\" style=\"margin-left: auto;margin-right: auto;margin-bottom:80px;width:100%;\"><\/div><div class=\"fusion-sep-clear\"><\/div><div class=\"fusion-clearfix\"><\/div><\/div><\/div><\/div><\/div><div class=\"fusion-bg-parallax\" data-bg-align=\"center center\" data-direction=\"down\" data-mute=\"false\" data-opacity=\"100\" data-velocity=\"-0.3\" data-mobile-enabled=\"true\" data-break_parents=\"0\" data-bg-image=\"https:\/\/mactwincashsecurity.com\/wp-content\/uploads\/2018\/10\/Conductor_BG.png\" data-bg-repeat=\"false\" ><\/div><div class=\"fusion-fullwidth fullwidth-box fusion-builder-row-4 fusion-parallax-down nonhundred-percent-fullwidth non-hundred-percent-height-scrolling\" style=\"--awb-border-radius-top-left:0px;--awb-border-radius-top-right:0px;--awb-border-radius-bottom-right:0px;--awb-border-radius-bottom-left:0px;--awb-background-image:url(&quot;https:\/\/mactwincashsecurity.com\/wp-content\/uploads\/2018\/10\/Conductor_BG.png&quot;);--awb-background-size:cover;--awb-flex-wrap:wrap;\" ><div class=\"fusion-builder-row fusion-row\"><div class=\"fusion-layout-column fusion_builder_column fusion-builder-column-3 fusion_builder_column_1_1 1_1 fusion-one-full fusion-column-first fusion-column-last\" style=\"--awb-bg-size:cover;--awb-margin-top:200px;--awb-margin-bottom:200px;\"><div class=\"fusion-column-wrapper fusion-flex-column-wrapper-legacy\"><div class=\"fusion-sep-clear\"><\/div><div class=\"fusion-separator\" style=\"margin-left: auto;margin-right: auto;margin-bottom:30px;width:100%;max-width:206px;\"><div class=\"fusion-separator-border sep-single sep-solid\" style=\"--awb-height:20px;--awb-amount:20px;--awb-sep-color:#ee7624;border-color:#ee7624;border-top-width:1px;\"><\/div><\/div><div class=\"fusion-sep-clear\"><\/div><div class=\"fusion-text fusion-text-3\"><h2 style=\"text-align: center;\" data-fontsize=\"32\" data-lineheight=\"41\"><span style=\"color: #ffffff;\">Code de conduite<\/span><\/h2>\n<h4 style=\"text-align: center;\"><span style=\"color: #ffffff;\">En ce qui concerne la RSE, Mactwin a \u00e9galement r\u00e9dig\u00e9 un code de conduite qui offre \u00e0 nos employ\u00e9s une ligne directrice pour le fonctionnement quotidien. Le document comprend des sujets tels que l&#8217;\u00e9galit\u00e9 de traitement, la confidentialit\u00e9 et l&#8217;int\u00e9grit\u00e9, la politique des ressources humaines et la protection de l&#8217;environnement. Faire des affaires selon le principe de la RSE n&#8217;est pas un concept creux, mais ajoute de la valeur \u00e0 notre organisation.<\/span><\/h4>\n<h4 style=\"text-align: center;\"><span style=\"color: #ffffff;\"><b><i>Valeur comme le pouvoir d&#8217;innover, la publicit\u00e9 positive, le personnel fid\u00e8le et la bienveillance sociale<\/i><\/b><\/span><\/h4>\n<\/div><div class=\"fusion-sep-clear\"><\/div><div class=\"fusion-separator\" style=\"margin-left: auto;margin-right: auto;margin-top:20px;margin-bottom:30px;width:100%;max-width:206px;\"><div class=\"fusion-separator-border sep-single sep-solid\" style=\"--awb-height:20px;--awb-amount:20px;--awb-sep-color:#ee7624;border-color:#ee7624;border-top-width:1px;\"><\/div><\/div><div class=\"fusion-sep-clear\"><\/div><div class=\"fusion-clearfix\"><\/div><\/div><\/div><\/div><\/div><div class=\"fusion-fullwidth fullwidth-box fusion-builder-row-5 fusion-parallax-none nonhundred-percent-fullwidth non-hundred-percent-height-scrolling\" style=\"--awb-background-position:center top;--awb-background-repeat:repeat-x;--awb-border-radius-top-left:0px;--awb-border-radius-top-right:0px;--awb-border-radius-bottom-right:0px;--awb-border-radius-bottom-left:0px;--awb-padding-top:120px;--awb-padding-bottom:120px;--awb-background-image:url(&quot;https:\/\/mactwincashsecurity.com\/wp-content\/uploads\/2017\/11\/gradient-wit-blauw.jpg&quot;);--awb-flex-wrap:wrap;\" ><div class=\"fusion-builder-row fusion-row\"><div class=\"fusion-layout-column fusion_builder_column fusion-builder-column-4 fusion_builder_column_1_1 1_1 fusion-one-full fusion-column-first fusion-column-last\" style=\"--awb-padding-top:0px;--awb-padding-bottom:40px;--awb-bg-size:cover;\"><div class=\"fusion-column-wrapper fusion-flex-column-wrapper-legacy\"><div class=\"fusion-text fusion-text-4\"><h2>Conditions pr\u00e9alables \u00e0 l&#8217;innovation<\/h2>\n<\/div><div class=\"fusion-text fusion-text-5\"><h4>L&#8217;une de nos principales conditions pr\u00e9alables \u00e0 l&#8217;innovation est que tout nouveau produit ou solution doit \u00eatre s\u00fbr \u00e0 utiliser pour les personnes et l&#8217;environnement. Ce sont quelques-unes des consid\u00e9rations que nous faisons dans le processus d&#8217;innovation.<\/h4>\n<\/div><div class=\"fusion-clearfix\"><\/div><\/div><\/div><div class=\"fusion-layout-column fusion_builder_column fusion-builder-column-5 fusion_builder_column_1_3 1_3 fusion-one-third fusion-column-first\" style=\"--awb-padding-top:0px;--awb-bg-size:cover;width:33.333333333333%;width:calc(33.333333333333% - ( ( 4% + 4% ) * 0.33333333333333 ) );margin-right: 4%;\"><div class=\"fusion-column-wrapper fusion-flex-column-wrapper-legacy\"><div class=\"fusion-image-element in-legacy-container\" style=\"--awb-max-width:80%;--awb-caption-title-font-family:var(--h2_typography-font-family);--awb-caption-title-font-weight:var(--h2_typography-font-weight);--awb-caption-title-font-style:var(--h2_typography-font-style);--awb-caption-title-size:var(--h2_typography-font-size);--awb-caption-title-transform:var(--h2_typography-text-transform);--awb-caption-title-line-height:var(--h2_typography-line-height);--awb-caption-title-letter-spacing:var(--h2_typography-letter-spacing);\"><span class=\" fusion-imageframe imageframe-none imageframe-1 hover-type-none\"><img decoding=\"async\" width=\"600\" height=\"358\" title=\"Safety Icon-04\" data-src=\"https:\/\/mactwincashsecurity.com\/wp-content\/uploads\/2018\/10\/Safety-Icon-04.png\" alt class=\"img-responsive wp-image-16063 lazyload\" data-srcset=\"https:\/\/mactwincashsecurity.com\/wp-content\/uploads\/2018\/10\/Safety-Icon-04-200x119.png 200w, https:\/\/mactwincashsecurity.com\/wp-content\/uploads\/2018\/10\/Safety-Icon-04-400x239.png 400w, https:\/\/mactwincashsecurity.com\/wp-content\/uploads\/2018\/10\/Safety-Icon-04.png 600w\" data-sizes=\"(max-width: 800px) 100vw, 400px\" src=\"data:image\/svg+xml;base64,PHN2ZyB3aWR0aD0iMSIgaGVpZ2h0PSIxIiB4bWxucz0iaHR0cDovL3d3dy53My5vcmcvMjAwMC9zdmciPjwvc3ZnPg==\" style=\"--smush-placeholder-width: 600px; --smush-placeholder-aspect-ratio: 600\/358;\" \/><\/span><\/div><div class=\"fusion-text fusion-text-6\"><h3>S\u00e9curit\u00e9<\/h3>\n<p>La s\u00e9curit\u00e9 du d\u00e9positaire de TDF est primordiale lors de la conception de solutions de d\u00e9gradation de l&#8217;argent. Par exemple, c&#8217;est pourquoi GlueFusion est bas\u00e9 sur une m\u00e9thode de dispersion \u00e0 basse pression, contrairement \u00e0 d&#8217;autres syst\u00e8mes (\u00e0 base d&#8217;encre). Lors d&#8217;une activation, pratiquement toute la colle sera contenue \u00e0 l&#8217;int\u00e9rieur de la cassette. Tous les produits sont\u00a0\u00e9quip\u00e9s\u00a0de fonctions de s\u00e9curit\u00e9 pour \u00e9viter toute utilisation abusive qui pourrait \u00eatre nocive.<\/p>\n<\/div><div class=\"fusion-clearfix\"><\/div><\/div><\/div><div class=\"fusion-layout-column fusion_builder_column fusion-builder-column-6 fusion_builder_column_1_3 1_3 fusion-one-third\" style=\"--awb-bg-size:cover;width:33.333333333333%;width:calc(33.333333333333% - ( ( 4% + 4% ) * 0.33333333333333 ) );margin-right: 4%;\"><div class=\"fusion-column-wrapper fusion-flex-column-wrapper-legacy\"><div class=\"fusion-image-element in-legacy-container\" style=\"--awb-max-width:80%;--awb-caption-title-font-family:var(--h2_typography-font-family);--awb-caption-title-font-weight:var(--h2_typography-font-weight);--awb-caption-title-font-style:var(--h2_typography-font-style);--awb-caption-title-size:var(--h2_typography-font-size);--awb-caption-title-transform:var(--h2_typography-text-transform);--awb-caption-title-line-height:var(--h2_typography-line-height);--awb-caption-title-letter-spacing:var(--h2_typography-letter-spacing);\"><span class=\" fusion-imageframe imageframe-none imageframe-2 hover-type-none\"><img decoding=\"async\" width=\"600\" height=\"358\" title=\"Health Icon-05\" data-src=\"https:\/\/mactwincashsecurity.com\/wp-content\/uploads\/2018\/10\/Health-Icon-05.png\" alt class=\"img-responsive wp-image-16062 lazyload\" data-srcset=\"https:\/\/mactwincashsecurity.com\/wp-content\/uploads\/2018\/10\/Health-Icon-05-200x119.png 200w, https:\/\/mactwincashsecurity.com\/wp-content\/uploads\/2018\/10\/Health-Icon-05-400x239.png 400w, https:\/\/mactwincashsecurity.com\/wp-content\/uploads\/2018\/10\/Health-Icon-05.png 600w\" data-sizes=\"(max-width: 800px) 100vw, 400px\" src=\"data:image\/svg+xml;base64,PHN2ZyB3aWR0aD0iMSIgaGVpZ2h0PSIxIiB4bWxucz0iaHR0cDovL3d3dy53My5vcmcvMjAwMC9zdmciPjwvc3ZnPg==\" style=\"--smush-placeholder-width: 600px; --smush-placeholder-aspect-ratio: 600\/358;\" \/><\/span><\/div><div class=\"fusion-text fusion-text-7\"><h3>Sant\u00e9<\/h3>\n<p>Si un produit est portable comme la MactwinBox, chaque composant est soigneusement \u00e9tudi\u00e9 et \u2013 litt\u00e9ralement \u2013 pes\u00e9 afin de garder le produit aussi l\u00e9ger que possible. Notre personnel R&amp;D est r\u00e9guli\u00e8rement d\u00e9ploy\u00e9 en route avec une op\u00e9ration CIT, pour obtenir des informations de premi\u00e8re main sur l&#8217;utilisation du produit. Comment fonctionne-t-il et se sent-il apr\u00e8s une journ\u00e9e compl\u00e8te de travail\u00a0? Nous faisons tout notre possible pour minimiser le risque de RSI ou de surcharge. Sans compromis sur la qualit\u00e9, bien s\u00fbr.<\/p>\n<\/div><div class=\"fusion-clearfix\"><\/div><\/div><\/div><div class=\"fusion-layout-column fusion_builder_column fusion-builder-column-7 fusion_builder_column_1_3 1_3 fusion-one-third fusion-column-last\" style=\"--awb-bg-size:cover;width:33.333333333333%;width:calc(33.333333333333% - ( ( 4% + 4% ) * 0.33333333333333 ) );\"><div class=\"fusion-column-wrapper fusion-flex-column-wrapper-legacy\"><div class=\"fusion-image-element in-legacy-container\" style=\"--awb-max-width:80%;--awb-caption-title-font-family:var(--h2_typography-font-family);--awb-caption-title-font-weight:var(--h2_typography-font-weight);--awb-caption-title-font-style:var(--h2_typography-font-style);--awb-caption-title-size:var(--h2_typography-font-size);--awb-caption-title-transform:var(--h2_typography-text-transform);--awb-caption-title-line-height:var(--h2_typography-line-height);--awb-caption-title-letter-spacing:var(--h2_typography-letter-spacing);\"><span class=\" fusion-imageframe imageframe-none imageframe-3 hover-type-none\"><img decoding=\"async\" width=\"600\" height=\"358\" title=\"Durability Icon-05\" data-src=\"https:\/\/mactwincashsecurity.com\/wp-content\/uploads\/2018\/10\/Durability-Icon-05.png\" alt class=\"img-responsive wp-image-16061 lazyload\" data-srcset=\"https:\/\/mactwincashsecurity.com\/wp-content\/uploads\/2018\/10\/Durability-Icon-05-200x119.png 200w, https:\/\/mactwincashsecurity.com\/wp-content\/uploads\/2018\/10\/Durability-Icon-05-400x239.png 400w, https:\/\/mactwincashsecurity.com\/wp-content\/uploads\/2018\/10\/Durability-Icon-05.png 600w\" data-sizes=\"(max-width: 800px) 100vw, 400px\" src=\"data:image\/svg+xml;base64,PHN2ZyB3aWR0aD0iMSIgaGVpZ2h0PSIxIiB4bWxucz0iaHR0cDovL3d3dy53My5vcmcvMjAwMC9zdmciPjwvc3ZnPg==\" style=\"--smush-placeholder-width: 600px; --smush-placeholder-aspect-ratio: 600\/358;\" \/><\/span><\/div><div class=\"fusion-text fusion-text-8\"><h3>Durabilit\u00e9<\/h3>\n<p>En plus d&#8217;offrir des solutions de s\u00e9curit\u00e9 de pointe et sur mesure, nos solutions se caract\u00e9risent par le fait qu&#8217;elles ont toutes \u00e9t\u00e9 con\u00e7ues pour durer. En nous concentrant sur la durabilit\u00e9, nous nous distinguons de la concurrence en maintenant les co\u00fbts de service et de maintenance bas et les temps d&#8217;arr\u00eat op\u00e9rationnels au minimum. L&#8217;esp\u00e9rance de vie de produits comme notre MactwinBox d\u00e9passe souvent nos propres pr\u00e9dictions, les MactwinBox avec plus de 10 ans de travail ne font pas exception. La longue dur\u00e9e de vie de nos produits combin\u00e9e \u00e0 la quantit\u00e9 r\u00e9duite d&#8217;entretien n\u00e9cessaire nous permet de r\u00e9duire notre empreinte carbone et nos d\u00e9chets de mat\u00e9riaux.<\/p>\n<\/div><div class=\"fusion-clearfix\"><\/div><\/div><\/div><\/div><\/div><div class=\"fusion-bg-parallax\" data-bg-align=\"center center\" data-direction=\"up\" data-mute=\"false\" data-opacity=\"100\" data-velocity=\"-0.5\" data-mobile-enabled=\"false\" data-break_parents=\"0\" data-bg-image=\"https:\/\/mactwincashsecurity.com\/wp-content\/uploads\/2017\/12\/MactwinBox-4s-blurred-softskin-CIT-operation-1200x800.jpg\" data-bg-repeat=\"false\" ><\/div><div class=\"fusion-fullwidth fullwidth-box fusion-builder-row-6 fusion-parallax-up nonhundred-percent-fullwidth non-hundred-percent-height-scrolling\" style=\"--awb-border-radius-top-left:0px;--awb-border-radius-top-right:0px;--awb-border-radius-bottom-right:0px;--awb-border-radius-bottom-left:0px;--awb-background-image:url(&quot;https:\/\/mactwincashsecurity.com\/wp-content\/uploads\/2017\/12\/MactwinBox-4s-blurred-softskin-CIT-operation-1200x800.jpg&quot;);--awb-background-size:cover;--awb-flex-wrap:wrap;\" ><div class=\"fusion-builder-row fusion-row\"><div class=\"fusion-layout-column fusion_builder_column fusion-builder-column-8 fusion_builder_column_1_1 1_1 fusion-one-full fusion-column-first fusion-column-last\" style=\"--awb-bg-size:cover;--awb-margin-top:200px;--awb-margin-bottom:200px;\"><div class=\"fusion-column-wrapper fusion-flex-column-wrapper-legacy\"><div class=\"fusion-sep-clear\"><\/div><div class=\"fusion-separator\" style=\"margin-left: auto;margin-right: auto;margin-top:0px;margin-bottom:30px;width:100%;max-width:206px;\"><div class=\"fusion-separator-border sep-single sep-solid\" style=\"--awb-height:20px;--awb-amount:20px;--awb-sep-color:#ee7624;border-color:#ee7624;border-top-width:1px;\"><\/div><\/div><div class=\"fusion-sep-clear\"><\/div><div class=\"fusion-text fusion-text-9\"><h2 style=\"text-align: center;\" data-fontsize=\"32\" data-lineheight=\"41\"><span style=\"color: #ffffff;\">S\u00e9curit\u00e9, durabilit\u00e9 et co\u00fbt total de possession<\/span><\/h2>\n<h4 style=\"text-align: center;\"><span style=\"color: #ffffff;\">Naturellement, tous les processus de d\u00e9figuration sont ex\u00e9cut\u00e9s dans un environnement interne confin\u00e9 : notre produit. Un peu comme un moteur \u00e0 combustion interne dans les voitures. Cela signifie qu&#8217;en cas d&#8217;activation, la d\u00e9gradation \u00e0 haute \u00e9nergie est sans danger pour votre personnel de garde et son environnement. Lors du d\u00e9veloppement d&#8217;un produit, nous avons toujours \u00e0 c\u0153ur le meilleur int\u00e9r\u00eat de notre environnement. Tous les composants de nos solutions sont produits dans un souci de durabilit\u00e9, ce qui se traduit par un faible TCO et une dur\u00e9e de vie plus longue pour le produit, les personnes et la plan\u00e8te.<\/span><\/h4>\n<\/div><div class=\"fusion-sep-clear\"><\/div><div class=\"fusion-separator\" style=\"margin-left: auto;margin-right: auto;margin-top:20px;margin-bottom:30px;width:100%;max-width:206px;\"><div class=\"fusion-separator-border sep-single sep-solid\" style=\"--awb-height:20px;--awb-amount:20px;--awb-sep-color:#ee7624;border-color:#ee7624;border-top-width:1px;\"><\/div><\/div><div class=\"fusion-sep-clear\"><\/div><div class=\"fusion-clearfix\"><\/div><\/div><\/div><\/div><\/div><\/p>\n","protected":false},"excerpt":{"rendered":"","protected":false},"author":6,"featured_media":0,"parent":16045,"menu_order":3,"comment_status":"closed","ping_status":"closed","template":"100-width.php","meta":{"footnotes":""},"class_list":["post-16241","page","type-page","status-publish","hentry"],"_links":{"self":[{"href":"https:\/\/mactwincashsecurity.com\/fr\/wp-json\/wp\/v2\/pages\/16241","targetHints":{"allow":["GET"]}}],"collection":[{"href":"https:\/\/mactwincashsecurity.com\/fr\/wp-json\/wp\/v2\/pages"}],"about":[{"href":"https:\/\/mactwincashsecurity.com\/fr\/wp-json\/wp\/v2\/types\/page"}],"author":[{"embeddable":true,"href":"https:\/\/mactwincashsecurity.com\/fr\/wp-json\/wp\/v2\/users\/6"}],"replies":[{"embeddable":true,"href":"https:\/\/mactwincashsecurity.com\/fr\/wp-json\/wp\/v2\/comments?post=16241"}],"version-history":[{"count":0,"href":"https:\/\/mactwincashsecurity.com\/fr\/wp-json\/wp\/v2\/pages\/16241\/revisions"}],"up":[{"embeddable":true,"href":"https:\/\/mactwincashsecurity.com\/fr\/wp-json\/wp\/v2\/pages\/16045"}],"wp:attachment":[{"href":"https:\/\/mactwincashsecurity.com\/fr\/wp-json\/wp\/v2\/media?parent=16241"}],"curies":[{"name":"wp","href":"https:\/\/api.w.org\/{rel}","templated":true}]}}