{"id":15005,"date":"2021-01-14T16:31:06","date_gmt":"2021-01-14T16:31:06","guid":{"rendered":"https:\/\/mactwincashsecurity.com\/cash-security-neuigkeiten\/"},"modified":"2021-08-31T10:33:12","modified_gmt":"2021-08-31T10:33:12","slug":"cash-security-neuigkeiten","status":"publish","type":"page","link":"https:\/\/mactwincashsecurity.com\/de\/cash-security-neuigkeiten\/","title":{"rendered":"Cash Security Neuigkeiten"},"content":{"rendered":"<p><div class=\"fusion-fullwidth fullwidth-box fusion-builder-row-1 nonhundred-percent-fullwidth non-hundred-percent-height-scrolling\" style=\"--awb-background-position:left top;--awb-border-sizes-top:0px;--awb-border-sizes-bottom:0px;--awb-border-sizes-left:0px;--awb-border-sizes-right:0px;--awb-border-radius-top-left:0px;--awb-border-radius-top-right:0px;--awb-border-radius-bottom-right:0px;--awb-border-radius-bottom-left:0px;--awb-padding-top:50px;--awb-padding-bottom:50px;--awb-background-color:#ee7824;--awb-flex-wrap:wrap;\" ><div class=\"fusion-builder-row fusion-row\"><div class=\"fusion-layout-column fusion_builder_column fusion-builder-column-0 fusion_builder_column_1_1 1_1 fusion-one-full fusion-column-first fusion-column-last\" style=\"--awb-bg-size:cover;\"><div class=\"fusion-column-wrapper fusion-flex-column-wrapper-legacy\"><div class=\"fusion-text fusion-text-1\"><h2 style=\"font-weight: 300; text-align: center;\"><span style=\"color: #ffffff;\">NEUIGKEITEN &#8211; Erfahren Sie mehr \u00fcber Cash Security<\/span><\/h2>\n<\/div><div class=\"fusion-clearfix\"><\/div><\/div><\/div><\/div><\/div><div class=\"fusion-fullwidth fullwidth-box fusion-builder-row-2 nonhundred-percent-fullwidth non-hundred-percent-height-scrolling\" style=\"--awb-background-position:left top;--awb-border-sizes-top:0px;--awb-border-sizes-bottom:0px;--awb-border-sizes-left:0px;--awb-border-sizes-right:0px;--awb-border-radius-top-left:0px;--awb-border-radius-top-right:0px;--awb-border-radius-bottom-right:0px;--awb-border-radius-bottom-left:0px;--awb-padding-top:3%;--awb-padding-bottom:2%;--awb-flex-wrap:wrap;\" ><div class=\"fusion-builder-row fusion-row\"><div class=\"fusion-layout-column fusion_builder_column fusion-builder-column-1 fusion_builder_column_1_1 1_1 fusion-one-full fusion-column-first fusion-column-last\" style=\"--awb-padding-right:15%;--awb-padding-left:15%;--awb-bg-size:cover;--awb-margin-top:50px;--awb-margin-bottom:25px;\"><div class=\"fusion-column-wrapper fusion-flex-column-wrapper-legacy\"><div class=\"fusion-blog-shortcode fusion-blog-shortcode-1 fusion-blog-archive fusion-blog-layout-large fusion-blog-pagination\"><div class=\"fusion-posts-container fusion-posts-container-pagination fusion-blog-rollover\" data-pages=\"1\"><article id=\"blog-1-post-15321\" class=\"fusion-post-large post-15321 post type-post status-publish format-standard has-post-thumbnail hentry category-unkategorisiert category-bargeldsicherheitslosungen tag-bargeldentwertung tag-geldtransport tag-ibns-de tag-mactwinbox-de\">\n\t<style type=\"text\/css\">\n\t\t\n\t\t\n\t\t\n\t\t\n\t\t\t<\/style>\n\n\n\t\t\t<div class=\"fusion-flexslider flexslider fusion-flexslider-loading fusion-post-slideshow\" style=\"\">\n\t\t<ul class=\"slides\">\n\t\t\t\n\t\t\t\t\t\t\t\t\t\t\t\t\t\t<li><div  class=\"fusion-image-wrapper\" aria-haspopup=\"true\">\n\t\t\t\t<img decoding=\"async\" width=\"1200\" height=\"628\" data-src=\"https:\/\/mactwincashsecurity.com\/wp-content\/uploads\/2021\/03\/global-cit-attacks-2020.jpg\" class=\"attachment-full size-full wp-post-image lazyload\" alt=\"global-cit-attacks-2020\" data-srcset=\"https:\/\/mactwincashsecurity.com\/wp-content\/uploads\/2021\/03\/global-cit-attacks-2020-200x105.jpg 200w, https:\/\/mactwincashsecurity.com\/wp-content\/uploads\/2021\/03\/global-cit-attacks-2020-400x209.jpg 400w, https:\/\/mactwincashsecurity.com\/wp-content\/uploads\/2021\/03\/global-cit-attacks-2020-600x314.jpg 600w, https:\/\/mactwincashsecurity.com\/wp-content\/uploads\/2021\/03\/global-cit-attacks-2020-800x419.jpg 800w, https:\/\/mactwincashsecurity.com\/wp-content\/uploads\/2021\/03\/global-cit-attacks-2020.jpg 1200w\" data-sizes=\"(max-width: 800px) 100vw, 1200px\" src=\"data:image\/svg+xml;base64,PHN2ZyB3aWR0aD0iMSIgaGVpZ2h0PSIxIiB4bWxucz0iaHR0cDovL3d3dy53My5vcmcvMjAwMC9zdmciPjwvc3ZnPg==\" style=\"--smush-placeholder-width: 1200px; --smush-placeholder-aspect-ratio: 1200\/628;\" \/><div class=\"fusion-rollover\">\n\t<div class=\"fusion-rollover-content\">\n\n\t\t\t\t\t\t\t\t\t\t\t\t\t\t<a class=\"fusion-rollover-link\" href=\"https:\/\/mactwincashsecurity.com\/de\/globale-angriffe-auf-geldtransporte-im-jahr-2020\/\">Globale Angriffe auf Geldtransporte im Jahr 2020<\/a>\n\t\t\t\n\t\t\t\t\t\t\t\t\t\t\t\t\t\t\n\t\t\t\t\t\t\t\t\n\t\t\t\t\t\t\t\t\t\t\t\t\t<div class=\"fusion-rollover-sep\"><\/div>\n\t\t\t\t\n\t\t\t\t\t\t\t\t\t\t\t\t\t\t\t\t\t\t<a class=\"fusion-rollover-gallery\" href=\"https:\/\/mactwincashsecurity.com\/wp-content\/uploads\/2021\/03\/global-cit-attacks-2020.jpg\" data-options=\"\" data-id=\"15321\" data-rel=\"iLightbox[gallery]\" data-title=\"global-cit-attacks-2020\" data-caption=\"\">\n\t\t\t\t\t\tGallery\t\t\t\t\t<\/a>\n\t\t\t\t\t\t\t\t\t\t\t\t\t\t\n\t\t\n\t\t\t\t\t\t\t\t\t\t\t\t<h4 class=\"fusion-rollover-title\">\n\t\t\t\t\t<a class=\"fusion-rollover-title-link\" href=\"https:\/\/mactwincashsecurity.com\/de\/globale-angriffe-auf-geldtransporte-im-jahr-2020\/\">\n\t\t\t\t\t\tGlobale Angriffe auf Geldtransporte im Jahr 2020\t\t\t\t\t<\/a>\n\t\t\t\t<\/h4>\n\t\t\t\n\t\t\t\t\t\t\t\t\t\t<div class=\"fusion-rollover-categories\"><a href=\"https:\/\/mactwincashsecurity.com\/de\/category\/unkategorisiert\/\" rel=\"tag\">Bargeld-Sicherheitsl\u00f6sungen<\/a>, <a href=\"https:\/\/mactwincashsecurity.com\/de\/category\/bargeldsicherheitslosungen\/\" rel=\"tag\">Cash Security Solutions<\/a><\/div>\t\t\t\t\t\n\t\t\n\t\t\t\t\t\t<a class=\"fusion-link-wrapper\" href=\"https:\/\/mactwincashsecurity.com\/de\/globale-angriffe-auf-geldtransporte-im-jahr-2020\/\" aria-label=\"Globale Angriffe auf Geldtransporte im Jahr 2020\"><\/a>\n\t<\/div>\n<\/div>\n<\/div>\n<\/li>\n\t\t\t\n\t\t\t\n\t\t\t\t\t\t\t\t\t\t\t\t\t\t\t\t\t\t\t\t\t\t\t\t\t\t\t\t\t\t\t\t\t\t\t\t\t\t\t\t\t\t\t\t\t\t\t\t\t\t\t\t\t\t\t\t\t\t\t\t\t\t\t\t\t\t\t\t<\/ul>\n\t<\/div>\n\t<div class=\"fusion-post-content post-content\"><h2 class=\"blog-shortcode-post-title entry-title\">Globale Angriffe auf Geldtransporte im Jahr 2020<\/h2><div class=\"fusion-post-content-container\"><p>Wenn es um Geldtransport\u00fcberf\u00e4lle geht, k\u00f6nnen Bilder aus Actionfilmen in den Sinn kommen. Geldtransport\u00fcberf\u00e4lle in Filmen werden meist mit Explosionen und Schie\u00dfereien dargestellt. Es m\u00f6ge vielleicht \u00fcbertrieben aussehen, aber in Wirklichkeit k\u00f6nnen diese Raub\u00fcberf\u00e4lle den Fahrern, Kurieren und dem Unternehmen selbst gro\u00dfe Gefahren zuf\u00fcgen. In diesem Artikel werfen wir einen Blick auf Angriffe auf Geldtransport-Operationen, die 2020 weltweit stattfanden.<\/p><\/div><\/div><div class=\"fusion-clearfix\"><\/div><div class=\"fusion-meta-info\"><div class=\"fusion-alignleft\"><span class=\"updated\" style=\"display:none;\">2024-10-04T14:22:16+00:00<\/span>By <span class=\"vcard\"><span class=\"fn\"><a href=\"https:\/\/mactwincashsecurity.com\/de\/author\/niels\/\" title=\"Beitr\u00e4ge von Niels Rots\" rel=\"author\">Niels Rots<\/a><\/span><\/span><span class=\"fusion-inline-sep\">|<\/span><a href=\"https:\/\/mactwincashsecurity.com\/de\/category\/unkategorisiert\/\" rel=\"category tag\">Bargeld-Sicherheitsl\u00f6sungen<\/a>, <a href=\"https:\/\/mactwincashsecurity.com\/de\/category\/bargeldsicherheitslosungen\/\" rel=\"category tag\">Cash Security Solutions<\/a><span class=\"fusion-inline-sep\">|<\/span><\/div><div class=\"fusion-alignright\"><a class=\"fusion-read-more\" href=\"https:\/\/mactwincashsecurity.com\/de\/globale-angriffe-auf-geldtransporte-im-jahr-2020\/\" aria-label=\"More on Globale Angriffe auf Geldtransporte im Jahr 2020\">Read More<\/a><\/div><\/div><\/article>\n<article id=\"blog-1-post-15569\" class=\"fusion-post-large post-15569 post type-post status-publish format-standard has-post-thumbnail hentry category-cash-security-trends-de category-bargeldsicherheitslosungen category-news-de tag-geldtransport tag-ibns-de tag-whitepaper-de\">\n\t<style type=\"text\/css\">\n\t\t\n\t\t\n\t\t\n\t\t\n\t\t\t<\/style>\n\n\n\t\t\t<div class=\"fusion-flexslider flexslider fusion-flexslider-loading fusion-post-slideshow\" style=\"\">\n\t\t<ul class=\"slides\">\n\t\t\t\n\t\t\t\t\t\t\t\t\t\t\t\t\t\t<li><div  class=\"fusion-image-wrapper\" aria-haspopup=\"true\">\n\t\t\t\t<img decoding=\"async\" width=\"1200\" height=\"628\" data-src=\"https:\/\/mactwincashsecurity.com\/wp-content\/uploads\/2021\/01\/Whitepaper-Cash-Degradation-in-CIT-Linkedin.jpg\" class=\"attachment-full size-full wp-post-image lazyload\" alt=\"Whitepaper Cash degradation in CIT\" data-srcset=\"https:\/\/mactwincashsecurity.com\/wp-content\/uploads\/2021\/01\/Whitepaper-Cash-Degradation-in-CIT-Linkedin-200x105.jpg 200w, https:\/\/mactwincashsecurity.com\/wp-content\/uploads\/2021\/01\/Whitepaper-Cash-Degradation-in-CIT-Linkedin-400x209.jpg 400w, https:\/\/mactwincashsecurity.com\/wp-content\/uploads\/2021\/01\/Whitepaper-Cash-Degradation-in-CIT-Linkedin-600x314.jpg 600w, https:\/\/mactwincashsecurity.com\/wp-content\/uploads\/2021\/01\/Whitepaper-Cash-Degradation-in-CIT-Linkedin-800x419.jpg 800w, https:\/\/mactwincashsecurity.com\/wp-content\/uploads\/2021\/01\/Whitepaper-Cash-Degradation-in-CIT-Linkedin.jpg 1200w\" data-sizes=\"(max-width: 800px) 100vw, 1200px\" src=\"data:image\/svg+xml;base64,PHN2ZyB3aWR0aD0iMSIgaGVpZ2h0PSIxIiB4bWxucz0iaHR0cDovL3d3dy53My5vcmcvMjAwMC9zdmciPjwvc3ZnPg==\" style=\"--smush-placeholder-width: 1200px; --smush-placeholder-aspect-ratio: 1200\/628;\" \/><div class=\"fusion-rollover\">\n\t<div class=\"fusion-rollover-content\">\n\n\t\t\t\t\t\t\t\t\t\t\t\t\t\t<a class=\"fusion-rollover-link\" href=\"https:\/\/mactwincashsecurity.com\/de\/whitepaper-bargeldentwertung-beim-geldtransport\/\">Whitepaper Bargeldentwertung beim Geldtransport<\/a>\n\t\t\t\n\t\t\t\t\t\t\t\t\t\t\t\t\t\t\n\t\t\t\t\t\t\t\t\n\t\t\t\t\t\t\t\t\t\t\t\t\t<div class=\"fusion-rollover-sep\"><\/div>\n\t\t\t\t\n\t\t\t\t\t\t\t\t\t\t\t\t\t\t\t\t\t\t<a class=\"fusion-rollover-gallery\" href=\"https:\/\/mactwincashsecurity.com\/wp-content\/uploads\/2021\/01\/Whitepaper-Cash-Degradation-in-CIT-Linkedin.jpg\" data-options=\"\" data-id=\"15569\" data-rel=\"iLightbox[gallery]\" data-title=\"Whitepaper Cash Degradation in CIT Linkedin\" data-caption=\"\">\n\t\t\t\t\t\tGallery\t\t\t\t\t<\/a>\n\t\t\t\t\t\t\t\t\t\t\t\t\t\t\n\t\t\n\t\t\t\t\t\t\t\t\t\t\t\t<h4 class=\"fusion-rollover-title\">\n\t\t\t\t\t<a class=\"fusion-rollover-title-link\" href=\"https:\/\/mactwincashsecurity.com\/de\/whitepaper-bargeldentwertung-beim-geldtransport\/\">\n\t\t\t\t\t\tWhitepaper Bargeldentwertung beim Geldtransport\t\t\t\t\t<\/a>\n\t\t\t\t<\/h4>\n\t\t\t\n\t\t\t\t\t\t\t\t\t\t<div class=\"fusion-rollover-categories\"><a href=\"https:\/\/mactwincashsecurity.com\/de\/category\/cash-security-trends-de\/\" rel=\"tag\">Bargeld-Sicherheitstrends<\/a>, <a href=\"https:\/\/mactwincashsecurity.com\/de\/category\/bargeldsicherheitslosungen\/\" rel=\"tag\">Cash Security Solutions<\/a>, <a href=\"https:\/\/mactwincashsecurity.com\/de\/category\/news-de\/\" rel=\"tag\">Neuigkeiten<\/a><\/div>\t\t\t\t\t\n\t\t\n\t\t\t\t\t\t<a class=\"fusion-link-wrapper\" href=\"https:\/\/mactwincashsecurity.com\/de\/whitepaper-bargeldentwertung-beim-geldtransport\/\" aria-label=\"Whitepaper Bargeldentwertung beim Geldtransport\"><\/a>\n\t<\/div>\n<\/div>\n<\/div>\n<\/li>\n\t\t\t\n\t\t\t\n\t\t\t\t\t\t\t\t\t\t\t\t\t\t\t\t\t\t\t\t\t\t\t\t\t\t\t\t\t\t\t\t\t\t\t\t\t\t\t\t\t\t\t\t\t\t\t\t\t\t\t\t\t\t\t\t\t\t\t\t\t\t\t\t\t\t\t\t<\/ul>\n\t<\/div>\n\t<div class=\"fusion-post-content post-content\"><h2 class=\"blog-shortcode-post-title entry-title\">Whitepaper Bargeldentwertung beim Geldtransport<\/h2><div class=\"fusion-post-content-container\"><p>In vielen L\u00e4ndern finden immer noch Angriffe auf Geldtransport-Operationen statt; obwohl es viele L\u00f6sungen gibt, die dieses Szenario endg\u00fcltig beseitigen sollten. Anstatt die F\u00e4higkeiten von Kriminellen zu bek\u00e4mpfen, sollten wir ihre Motivation bek\u00e4mpfen. Und das beginnt damit, die Erwartung einer Belohnung zu beseitigen. Wir glauben an die Macht der Geldentwertung, weshalb wir uns in diesem Whitepaper damit befassen werden. Wie w\u00e4hlen Sie die beste L\u00f6sung f\u00fcr die Geldentwertung f\u00fcr Ihren Betrieb aus? Wir werden Sie durch alle Entscheidungen f\u00fchren, die Sie treffen m\u00fcssen.<\/p><\/div><\/div><div class=\"fusion-clearfix\"><\/div><div class=\"fusion-meta-info\"><div class=\"fusion-alignleft\"><span class=\"updated\" style=\"display:none;\">2021-03-23T14:53:46+00:00<\/span>By <span class=\"vcard\"><span class=\"fn\"><a href=\"https:\/\/mactwincashsecurity.com\/de\/author\/niels\/\" title=\"Beitr\u00e4ge von Niels Rots\" rel=\"author\">Niels Rots<\/a><\/span><\/span><span class=\"fusion-inline-sep\">|<\/span><a href=\"https:\/\/mactwincashsecurity.com\/de\/category\/cash-security-trends-de\/\" rel=\"category tag\">Bargeld-Sicherheitstrends<\/a>, <a href=\"https:\/\/mactwincashsecurity.com\/de\/category\/bargeldsicherheitslosungen\/\" rel=\"category tag\">Cash Security Solutions<\/a>, <a href=\"https:\/\/mactwincashsecurity.com\/de\/category\/news-de\/\" rel=\"category tag\">Neuigkeiten<\/a><span class=\"fusion-inline-sep\">|<\/span><\/div><div class=\"fusion-alignright\"><a class=\"fusion-read-more\" href=\"https:\/\/mactwincashsecurity.com\/de\/whitepaper-bargeldentwertung-beim-geldtransport\/\" aria-label=\"More on Whitepaper Bargeldentwertung beim Geldtransport\">Read More<\/a><\/div><\/div><\/article>\n<article id=\"blog-1-post-15596\" class=\"fusion-post-large post-15596 post type-post status-publish format-standard has-post-thumbnail hentry category-unkategorisiert tag-bargeldentwertung tag-gluefusion-de tag-whitepaper-de\">\n\t<style type=\"text\/css\">\n\t\t\n\t\t\n\t\t\n\t\t\n\t\t\t<\/style>\n\n\n\t\t\t<div class=\"fusion-flexslider flexslider fusion-flexslider-loading fusion-post-slideshow\" style=\"\">\n\t\t<ul class=\"slides\">\n\t\t\t\n\t\t\t\t\t\t\t\t\t\t\t\t\t\t<li><div  class=\"fusion-image-wrapper\" aria-haspopup=\"true\">\n\t\t\t\t<img decoding=\"async\" width=\"1200\" height=\"628\" data-src=\"https:\/\/mactwincashsecurity.com\/wp-content\/uploads\/2020\/09\/LI_Waardeverminking_3.jpg\" class=\"attachment-full size-full wp-post-image lazyload\" alt=\"\" data-srcset=\"https:\/\/mactwincashsecurity.com\/wp-content\/uploads\/2020\/09\/LI_Waardeverminking_3-200x105.jpg 200w, https:\/\/mactwincashsecurity.com\/wp-content\/uploads\/2020\/09\/LI_Waardeverminking_3-400x209.jpg 400w, https:\/\/mactwincashsecurity.com\/wp-content\/uploads\/2020\/09\/LI_Waardeverminking_3-600x314.jpg 600w, https:\/\/mactwincashsecurity.com\/wp-content\/uploads\/2020\/09\/LI_Waardeverminking_3-800x419.jpg 800w, https:\/\/mactwincashsecurity.com\/wp-content\/uploads\/2020\/09\/LI_Waardeverminking_3.jpg 1200w\" data-sizes=\"(max-width: 800px) 100vw, 1200px\" src=\"data:image\/svg+xml;base64,PHN2ZyB3aWR0aD0iMSIgaGVpZ2h0PSIxIiB4bWxucz0iaHR0cDovL3d3dy53My5vcmcvMjAwMC9zdmciPjwvc3ZnPg==\" style=\"--smush-placeholder-width: 1200px; --smush-placeholder-aspect-ratio: 1200\/628;\" \/><div class=\"fusion-rollover\">\n\t<div class=\"fusion-rollover-content\">\n\n\t\t\t\t\t\t\t\t\t\t\t\t\t\t<a class=\"fusion-rollover-link\" href=\"https:\/\/mactwincashsecurity.com\/de\/wie-wird-ein-geldentwertungs-system-aktiviert\/\">Wie wird ein Geldentwertungs-System aktiviert?<\/a>\n\t\t\t\n\t\t\t\t\t\t\t\t\t\t\t\t\t\t\n\t\t\t\t\t\t\t\t\n\t\t\t\t\t\t\t\t\t\t\t\t\t<div class=\"fusion-rollover-sep\"><\/div>\n\t\t\t\t\n\t\t\t\t\t\t\t\t\t\t\t\t\t\t\t\t\t\t<a class=\"fusion-rollover-gallery\" href=\"https:\/\/mactwincashsecurity.com\/wp-content\/uploads\/2020\/09\/LI_Waardeverminking_3.jpg\" data-options=\"\" data-id=\"15596\" data-rel=\"iLightbox[gallery]\" data-title=\"Cash degradation Glue\" data-caption=\"\">\n\t\t\t\t\t\tGallery\t\t\t\t\t<\/a>\n\t\t\t\t\t\t\t\t\t\t\t\t\t\t\n\t\t\n\t\t\t\t\t\t\t\t\t\t\t\t<h4 class=\"fusion-rollover-title\">\n\t\t\t\t\t<a class=\"fusion-rollover-title-link\" href=\"https:\/\/mactwincashsecurity.com\/de\/wie-wird-ein-geldentwertungs-system-aktiviert\/\">\n\t\t\t\t\t\tWie wird ein Geldentwertungs-System aktiviert?\t\t\t\t\t<\/a>\n\t\t\t\t<\/h4>\n\t\t\t\n\t\t\t\t\t\t\t\t\t\t<div class=\"fusion-rollover-categories\"><a href=\"https:\/\/mactwincashsecurity.com\/de\/category\/unkategorisiert\/\" rel=\"tag\">Bargeld-Sicherheitsl\u00f6sungen<\/a><\/div>\t\t\t\t\t\n\t\t\n\t\t\t\t\t\t<a class=\"fusion-link-wrapper\" href=\"https:\/\/mactwincashsecurity.com\/de\/wie-wird-ein-geldentwertungs-system-aktiviert\/\" aria-label=\"Wie wird ein Geldentwertungs-System aktiviert?\"><\/a>\n\t<\/div>\n<\/div>\n<\/div>\n<\/li>\n\t\t\t\n\t\t\t\n\t\t\t\t\t\t\t\t\t\t\t\t\t\t\t\t\t\t\t\t\t\t\t\t\t\t\t\t\t\t\t\t\t\t\t\t\t\t\t\t\t\t\t\t\t\t\t\t\t\t\t\t\t\t\t\t\t\t\t\t\t\t\t\t\t\t\t\t<\/ul>\n\t<\/div>\n\t<div class=\"fusion-post-content post-content\"><h2 class=\"blog-shortcode-post-title entry-title\">Wie wird ein Geldentwertungs-System aktiviert?<\/h2><div class=\"fusion-post-content-container\"><p>Banknoten verlieren sofort ihren Wert, wenn nicht mit ihnen bezahlt werden kann. In vorherigen Artikeln haben wir \u00fcber die beiden verf\u00fcgbaren Arten der Bargeldentwertung geschrieben und sie anhand von zwei wichtigen kritischen Erfolgsfaktoren verglichen: Mehrdeutigkeit und Umkehrbarkeit. In diesem Artikel gehen wir auf die Notwendigkeit eines effektiven Aktivierungsmechanismus und die Unterschiede bei den heute verf\u00fcgbaren Optionen ein.<\/p><\/div><\/div><div class=\"fusion-clearfix\"><\/div><div class=\"fusion-meta-info\"><div class=\"fusion-alignleft\"><span class=\"updated\" style=\"display:none;\">2021-03-23T15:33:31+00:00<\/span>By <span class=\"vcard\"><span class=\"fn\"><a href=\"https:\/\/mactwincashsecurity.com\/de\/author\/niels\/\" title=\"Beitr\u00e4ge von Niels Rots\" rel=\"author\">Niels Rots<\/a><\/span><\/span><span class=\"fusion-inline-sep\">|<\/span><a href=\"https:\/\/mactwincashsecurity.com\/de\/category\/unkategorisiert\/\" rel=\"category tag\">Bargeld-Sicherheitsl\u00f6sungen<\/a><span class=\"fusion-inline-sep\">|<\/span><\/div><div class=\"fusion-alignright\"><a class=\"fusion-read-more\" href=\"https:\/\/mactwincashsecurity.com\/de\/wie-wird-ein-geldentwertungs-system-aktiviert\/\" aria-label=\"More on Wie wird ein Geldentwertungs-System aktiviert?\">Read More<\/a><\/div><\/div><\/article>\n<article id=\"blog-1-post-15593\" class=\"fusion-post-large post-15593 post type-post status-publish format-standard has-post-thumbnail hentry category-news-de\">\n\t<style type=\"text\/css\">\n\t\t\n\t\t\n\t\t\n\t\t\n\t\t\t<\/style>\n\n\n\t\t\t<div class=\"fusion-flexslider flexslider fusion-flexslider-loading fusion-post-slideshow\" style=\"\">\n\t\t<ul class=\"slides\">\n\t\t\t\n\t\t\t\t\t\t\t\t\t\t\t\t\t\t<li><div  class=\"fusion-image-wrapper\" aria-haspopup=\"true\">\n\t\t\t\t<img decoding=\"async\" width=\"1200\" height=\"628\" data-src=\"https:\/\/mactwincashsecurity.com\/wp-content\/uploads\/2020\/03\/LI_Corona-maatregelen.jpg\" class=\"attachment-full size-full wp-post-image lazyload\" alt=\"\" data-srcset=\"https:\/\/mactwincashsecurity.com\/wp-content\/uploads\/2020\/03\/LI_Corona-maatregelen-200x105.jpg 200w, https:\/\/mactwincashsecurity.com\/wp-content\/uploads\/2020\/03\/LI_Corona-maatregelen-400x209.jpg 400w, https:\/\/mactwincashsecurity.com\/wp-content\/uploads\/2020\/03\/LI_Corona-maatregelen-600x314.jpg 600w, https:\/\/mactwincashsecurity.com\/wp-content\/uploads\/2020\/03\/LI_Corona-maatregelen-800x419.jpg 800w, https:\/\/mactwincashsecurity.com\/wp-content\/uploads\/2020\/03\/LI_Corona-maatregelen.jpg 1200w\" data-sizes=\"(max-width: 800px) 100vw, 1200px\" src=\"data:image\/svg+xml;base64,PHN2ZyB3aWR0aD0iMSIgaGVpZ2h0PSIxIiB4bWxucz0iaHR0cDovL3d3dy53My5vcmcvMjAwMC9zdmciPjwvc3ZnPg==\" style=\"--smush-placeholder-width: 1200px; --smush-placeholder-aspect-ratio: 1200\/628;\" \/><div class=\"fusion-rollover\">\n\t<div class=\"fusion-rollover-content\">\n\n\t\t\t\t\t\t\t\t\t\t\t\t\t\t<a class=\"fusion-rollover-link\" href=\"https:\/\/mactwincashsecurity.com\/de\/coronavirus-vorsichtsmasnahmen\/\">Coronavirus Vorsichtsma\u00dfnahmen<\/a>\n\t\t\t\n\t\t\t\t\t\t\t\t\t\t\t\t\t\t\n\t\t\t\t\t\t\t\t\n\t\t\t\t\t\t\t\t\t\t\t\t\t<div class=\"fusion-rollover-sep\"><\/div>\n\t\t\t\t\n\t\t\t\t\t\t\t\t\t\t\t\t\t\t\t\t\t\t<a class=\"fusion-rollover-gallery\" href=\"https:\/\/mactwincashsecurity.com\/wp-content\/uploads\/2020\/03\/LI_Corona-maatregelen.jpg\" data-options=\"\" data-id=\"15593\" data-rel=\"iLightbox[gallery]\" data-title=\"LI_Corona maatregelen\" data-caption=\"\">\n\t\t\t\t\t\tGallery\t\t\t\t\t<\/a>\n\t\t\t\t\t\t\t\t\t\t\t\t\t\t\n\t\t\n\t\t\t\t\t\t\t\t\t\t\t\t<h4 class=\"fusion-rollover-title\">\n\t\t\t\t\t<a class=\"fusion-rollover-title-link\" href=\"https:\/\/mactwincashsecurity.com\/de\/coronavirus-vorsichtsmasnahmen\/\">\n\t\t\t\t\t\tCoronavirus Vorsichtsma\u00dfnahmen\t\t\t\t\t<\/a>\n\t\t\t\t<\/h4>\n\t\t\t\n\t\t\t\t\t\t\t\t\t\t<div class=\"fusion-rollover-categories\"><a href=\"https:\/\/mactwincashsecurity.com\/de\/category\/news-de\/\" rel=\"tag\">Neuigkeiten<\/a><\/div>\t\t\t\t\t\n\t\t\n\t\t\t\t\t\t<a class=\"fusion-link-wrapper\" href=\"https:\/\/mactwincashsecurity.com\/de\/coronavirus-vorsichtsmasnahmen\/\" aria-label=\"Coronavirus Vorsichtsma\u00dfnahmen\"><\/a>\n\t<\/div>\n<\/div>\n<\/div>\n<\/li>\n\t\t\t\n\t\t\t\n\t\t\t\t\t\t\t\t\t\t\t\t\t\t\t\t\t\t\t\t\t\t\t\t\t\t\t\t\t\t\t\t\t\t\t\t\t\t\t\t\t\t\t\t\t\t\t\t\t\t\t\t\t\t\t\t\t\t\t\t\t\t\t\t\t\t\t\t<\/ul>\n\t<\/div>\n\t<div class=\"fusion-post-content post-content\"><h2 class=\"blog-shortcode-post-title entry-title\">Coronavirus Vorsichtsma\u00dfnahmen<\/h2><div class=\"fusion-post-content-container\"><p>Um die Ausbreitung des Coronavirus zu verhindern, hat Mactwin gem\u00e4\u00df den Empfehlungen der niederl\u00e4ndischen Regierungsbeh\u00f6rde RIVM alle erforderlichen Vorkehrungen getroffen. Die Gesundheit unserer Mitarbeiter und Kunden ist f\u00fcr uns von gr\u00f6\u00dfter Bedeutung.<\/p><\/div><\/div><div class=\"fusion-clearfix\"><\/div><div class=\"fusion-meta-info\"><div class=\"fusion-alignleft\"><span class=\"updated\" style=\"display:none;\">2021-03-23T14:54:21+00:00<\/span>By <span class=\"vcard\"><span class=\"fn\"><a href=\"https:\/\/mactwincashsecurity.com\/de\/author\/niels\/\" title=\"Beitr\u00e4ge von Niels Rots\" rel=\"author\">Niels Rots<\/a><\/span><\/span><span class=\"fusion-inline-sep\">|<\/span><a href=\"https:\/\/mactwincashsecurity.com\/de\/category\/news-de\/\" rel=\"category tag\">Neuigkeiten<\/a><span class=\"fusion-inline-sep\">|<\/span><\/div><div class=\"fusion-alignright\"><a class=\"fusion-read-more\" href=\"https:\/\/mactwincashsecurity.com\/de\/coronavirus-vorsichtsmasnahmen\/\" aria-label=\"More on Coronavirus Vorsichtsma\u00dfnahmen\">Read More<\/a><\/div><\/div><\/article>\n<\/div><\/div><div class=\"fusion-clearfix\"><\/div><\/div><\/div><\/div><\/div><\/p>\n","protected":false},"excerpt":{"rendered":"","protected":false},"author":6,"featured_media":0,"parent":0,"menu_order":8,"comment_status":"closed","ping_status":"closed","template":"100-width.php","meta":{"footnotes":""},"class_list":["post-15005","page","type-page","status-publish","hentry"],"_links":{"self":[{"href":"https:\/\/mactwincashsecurity.com\/de\/wp-json\/wp\/v2\/pages\/15005","targetHints":{"allow":["GET"]}}],"collection":[{"href":"https:\/\/mactwincashsecurity.com\/de\/wp-json\/wp\/v2\/pages"}],"about":[{"href":"https:\/\/mactwincashsecurity.com\/de\/wp-json\/wp\/v2\/types\/page"}],"author":[{"embeddable":true,"href":"https:\/\/mactwincashsecurity.com\/de\/wp-json\/wp\/v2\/users\/6"}],"replies":[{"embeddable":true,"href":"https:\/\/mactwincashsecurity.com\/de\/wp-json\/wp\/v2\/comments?post=15005"}],"version-history":[{"count":0,"href":"https:\/\/mactwincashsecurity.com\/de\/wp-json\/wp\/v2\/pages\/15005\/revisions"}],"wp:attachment":[{"href":"https:\/\/mactwincashsecurity.com\/de\/wp-json\/wp\/v2\/media?parent=15005"}],"curies":[{"name":"wp","href":"https:\/\/api.w.org\/{rel}","templated":true}]}}