{"id":14908,"date":"2018-05-23T09:08:14","date_gmt":"2018-05-23T09:08:14","guid":{"rendered":"https:\/\/mactwincashsecurity.com\/privacy\/"},"modified":"2021-01-12T17:37:02","modified_gmt":"2021-01-12T17:37:02","slug":"privacy","status":"publish","type":"page","link":"https:\/\/mactwincashsecurity.com\/de\/privacy\/","title":{"rendered":"Datenschutzerkl\u00e4rung"},"content":{"rendered":"<div class=\"fusion-fullwidth fullwidth-box fusion-builder-row-1 nonhundred-percent-fullwidth non-hundred-percent-height-scrolling fusion-equal-height-columns\" style=\"--awb-background-position:left top;--awb-border-radius-top-left:0px;--awb-border-radius-top-right:0px;--awb-border-radius-bottom-right:0px;--awb-border-radius-bottom-left:0px;--awb-padding-right:0px;--awb-padding-left:0px;--awb-background-color:#ffffff;--awb-border-sizes-top:0px;--awb-border-sizes-bottom:0px;--awb-flex-wrap:wrap;\" ><div class=\"fusion-builder-row fusion-row\"><div class=\"fusion-layout-column fusion_builder_column fusion-builder-column-0 fusion_builder_column_1_1 1_1 fusion-one-full fusion-column-first fusion-column-last fusion-column-no-min-height\" style=\"--awb-padding-top:85px;--awb-padding-right:12%;--awb-padding-bottom:85px;--awb-padding-left:12%;--awb-bg-size:cover;\"><div class=\"fusion-column-wrapper fusion-flex-column-wrapper-legacy\"><div class=\"fusion-column-content-centered\"><div class=\"fusion-column-content\"><div class=\"fusion-text fusion-text-1\"><h2 style=\"text-align: center;\">Datenschutzerkl\u00e4rung<\/h2>\n<\/div><div class=\"fusion-sep-clear\"><\/div><div class=\"fusion-separator\" style=\"margin-left: auto;margin-right: auto;margin-top:0px;margin-bottom:30px;width:100%;max-width:206px;\"><div class=\"fusion-separator-border sep-single sep-solid\" style=\"--awb-height:20px;--awb-amount:20px;--awb-sep-color:#ee7824;border-color:#ee7824;border-top-width:2px;\"><\/div><\/div><div class=\"fusion-sep-clear\"><\/div><div class=\"fusion-text fusion-text-2\"><h3><strong>Formulare und pers\u00f6nliche Daten<\/strong><\/h3>\n<p>Mactwin respektiert Ihre Privatsph\u00e4re. \u00dcber die Formulare auf unserer Website sammelt und verarbeitet Mactwin nur personenbezogene Daten, die Sie uns bewusst zur Verf\u00fcgung gestellt haben. Wir behandeln diese pers\u00f6nliche Daten vertraulich und stets in \u00dcbereinstimmung mit der Allgemeinen Datenschutzverordnung (DSGVO).<\/p>\n<p>Wir sammeln nur Daten, um Ihnen die angeforderten Informationen wie unsere Newsletter und Whitepaper senden zu k\u00f6nnen. Sie k\u00f6nnen sich jederzeit abmelden, woraufhin wir Ihre Daten aus unserer Datenbank entfernen. Zum Versenden von Newslettern verwenden wir MailChimp (siehe unten).<\/p>\n<h3>Cookies<\/h3>\n<p>Mactwin verwendet Cookies auf dieser Website. Ein Cookie ist eine kleine Textdatei, die Ihrem Webbrowser automatisch angeboten wird. Mithilfe von Cookies sammeln wir Informationen \u00fcber die Nutzung unserer Website, z. B. welche Seiten Sie wie lange besucht haben. Sie k\u00f6nnen die Verwendung von Cookies zulassen oder untersagen, indem Sie die Einstellungen Ihres Browsers \u00e4ndern.<\/p>\n<h3>Google Analytics &amp; Leadfeeder<\/h3>\n<p>Wir m\u00f6chten, dass unsere Besucher schnell und bequem Informationen auf unserer Website finden, die f\u00fcr sie relevant sind. Durch die Verwendung von Google und Leadfeeder sammeln wir Informationen, mit denen wir unsere Website optimieren k\u00f6nnen. Mactwin behandelt dies mit gro\u00dfer Sorgfalt f\u00fcr Ihre Privatsph\u00e4re. Zu diesem Zweck haben wir nicht nur die erforderlichen Datenverarbeitungsvereinbarungen mit Google und Leadfeeder unterzeichnet, sondern auch die folgenden Ma\u00dfnahmen ergriffen:<\/p>\n<ul>\n<li>Die letzten 3 Ziffern Ihrer IP-Adresse sind anonymisiert;<\/li>\n<li>Wir haben die Datenfreigabe in Google deaktiviert;<\/li>\n<li>In Kombination mit den Google Analytics-Cookies verwenden wir keine anderen Google-Dienste.<\/li>\n<\/ul>\n<p>Google erf\u00fcllt die strengen Datenschutzrichtlinien des EU-US-Datenschutzschildes. Leadfeeder ist ein europ\u00e4isches Unternehmen und GDPR-konform. F\u00fcr weitere Informationen verweisen wir Sie auf die <a href=\"https:\/\/policies.google.com\/?hl=en\">Datenschutzrichtlinie von Google<\/a>und <a href=\"https:\/\/www.leadfeeder.com\/privacy\/\">Datenschutzrichtlinie von Leadfeeder<\/a>.<\/p>\n<h3>Newsletter und Mailchimp<\/h3>\n<p>Um Ihnen unseren E-Mail-Newsletter zu senden, verwenden wir MailChimp. So k\u00f6nnen wir beispielsweise sehen, wie unsere Newsletter gelesen werden und wie oft auf einen bestimmten Artikel geklickt wird. Wir verwenden diese Informationen, um die Relevanz des Inhalts unseres Newsletters f\u00fcr unsere Leser zu verbessern. Solange Sie abonniert sind, sind Ihre Daten MailChimp bekannt. MailChimp erf\u00fcllt die strengen Datenschutzanforderungen, die im EU-US-Datenschutzschild festgelegt sind. Mactwin hat eine Datenverarbeitungsvereinbarung mit Mailchimp unterzeichnet. Weitere Informationen finden Sie in den <a href=\"https:\/\/mailchimp.com\/legal\/privacy\/\">MailChimps-Richtlinien zu Cookies und Datenschutz<\/a>.<\/p>\n<h3>Ihre Rechte auf Zugang, Berichtigung und L\u00f6schung \/ Einschr\u00e4nkung<\/h3>\n<p>Wenn wir Ihre personenbezogenen Daten verarbeiten, k\u00f6nnen Sie jederzeit Ihr Recht auf Zugriff, Berichtigung oder L\u00f6schung dieser Daten geltend machen. Wenn Sie die Verwendung Ihrer pers\u00f6nlichen Daten einschr\u00e4nken oder \u00e4ndern m\u00f6chten, wenden Sie sich bitte an:<\/p>\n<p><strong>Mactwin Security International B.V.<br \/>\n<\/strong>P.O. Box 88<br \/>\n6666 ZH \u00a0HETEREN<br \/>\nNiederlande<\/p>\n<p>Sie k\u00f6nnen uns auch per E-Mail erreichen: <a href=\"mailto:info@mactwin.com\">info@mactwin.com<\/a>.<\/p>\n<\/div><div class=\"fusion-sep-clear\"><\/div><div class=\"fusion-separator fusion-full-width-sep\" style=\"margin-left: auto;margin-right: auto;margin-top:40px;width:100%;\"><\/div><div class=\"fusion-sep-clear\"><\/div><\/div><\/div><div class=\"fusion-clearfix\"><\/div><\/div><\/div><\/div><\/div>\n","protected":false},"excerpt":{"rendered":"","protected":false},"author":6,"featured_media":0,"parent":0,"menu_order":2,"comment_status":"closed","ping_status":"closed","template":"100-width.php","meta":{"footnotes":""},"class_list":["post-14908","page","type-page","status-publish","hentry"],"_links":{"self":[{"href":"https:\/\/mactwincashsecurity.com\/de\/wp-json\/wp\/v2\/pages\/14908","targetHints":{"allow":["GET"]}}],"collection":[{"href":"https:\/\/mactwincashsecurity.com\/de\/wp-json\/wp\/v2\/pages"}],"about":[{"href":"https:\/\/mactwincashsecurity.com\/de\/wp-json\/wp\/v2\/types\/page"}],"author":[{"embeddable":true,"href":"https:\/\/mactwincashsecurity.com\/de\/wp-json\/wp\/v2\/users\/6"}],"replies":[{"embeddable":true,"href":"https:\/\/mactwincashsecurity.com\/de\/wp-json\/wp\/v2\/comments?post=14908"}],"version-history":[{"count":0,"href":"https:\/\/mactwincashsecurity.com\/de\/wp-json\/wp\/v2\/pages\/14908\/revisions"}],"wp:attachment":[{"href":"https:\/\/mactwincashsecurity.com\/de\/wp-json\/wp\/v2\/media?parent=14908"}],"curies":[{"name":"wp","href":"https:\/\/api.w.org\/{rel}","templated":true}]}}