{"id":14853,"date":"2020-12-09T14:44:25","date_gmt":"2020-12-09T14:44:25","guid":{"rendered":"https:\/\/mactwincashsecurity.com\/verantwortlichkeit\/"},"modified":"2021-01-29T15:24:06","modified_gmt":"2021-01-29T15:24:06","slug":"verantwortlichkeit","status":"publish","type":"page","link":"https:\/\/mactwincashsecurity.com\/de\/unsere-vision-auf-bargeldentwertung\/verantwortlichkeit\/","title":{"rendered":"Verantwortung"},"content":{"rendered":"<p><div class=\"fusion-fullwidth fullwidth-box fusion-builder-row-1 nonhundred-percent-fullwidth non-hundred-percent-height-scrolling\" style=\"--awb-background-position:left top;--awb-border-sizes-top:0px;--awb-border-sizes-bottom:0px;--awb-border-sizes-left:0px;--awb-border-sizes-right:0px;--awb-border-radius-top-left:0px;--awb-border-radius-top-right:0px;--awb-border-radius-bottom-right:0px;--awb-border-radius-bottom-left:0px;--awb-padding-top:50px;--awb-padding-bottom:50px;--awb-background-color:#f5f5f5;--awb-flex-wrap:wrap;\" ><div class=\"fusion-builder-row fusion-row\"><div class=\"fusion-layout-column fusion_builder_column fusion-builder-column-0 fusion_builder_column_1_1 1_1 fusion-one-full fusion-column-first fusion-column-last\" style=\"--awb-bg-size:cover;\"><div class=\"fusion-column-wrapper fusion-flex-column-wrapper-legacy\"><div class=\"fusion-text fusion-text-1\"><h2 style=\"font-weight: 300; text-align: center;\">Gemeinsame Werte f\u00fcr die Bargeldlogistik schaffen<\/h2>\n<\/div><div class=\"fusion-clearfix\"><\/div><\/div><\/div><\/div><\/div><div class=\"fusion-fullwidth fullwidth-box fusion-builder-row-2 fusion-flex-container nonhundred-percent-fullwidth non-hundred-percent-height-scrolling\" style=\"--awb-background-position:left top;--awb-border-sizes-top:0px;--awb-border-sizes-bottom:0px;--awb-border-sizes-left:0px;--awb-border-sizes-right:0px;--awb-border-radius-top-left:0px;--awb-border-radius-top-right:0px;--awb-border-radius-bottom-right:0px;--awb-border-radius-bottom-left:0px;--awb-padding-top:0px;--awb-padding-bottom:20px;--awb-margin-bottom:60px;--awb-background-color:#ffffff;--awb-flex-wrap:wrap;\" ><div class=\"fusion-builder-row fusion-row fusion-flex-align-items-flex-start fusion-flex-content-wrap\" style=\"max-width:1216.8px;margin-left: calc(-4% \/ 2 );margin-right: calc(-4% \/ 2 );\"><div class=\"fusion-layout-column fusion_builder_column fusion-builder-column-1 fusion_builder_column_1_1 1_1 fusion-flex-column\" style=\"--awb-bg-size:cover;--awb-width-large:100%;--awb-margin-top-large:-22px;--awb-spacing-right-large:1.92%;--awb-margin-bottom-large:0px;--awb-spacing-left-large:1.92%;--awb-width-medium:100%;--awb-spacing-right-medium:1.92%;--awb-spacing-left-medium:1.92%;--awb-width-small:100%;--awb-spacing-right-small:1.92%;--awb-spacing-left-small:1.92%;\"><div class=\"fusion-column-wrapper fusion-flex-justify-content-flex-start fusion-content-layout-column\"><div style=\"text-align:center;\"><a class=\"fusion-button button-flat fusion-button-default-size button-custom fusion-button-default button-1 fusion-button-default-span fusion-button-default-type\" style=\"--button_accent_color:#ffffff;--button_accent_hover_color:#ee7624;--button_border_hover_color:#ee7624;--button_border_width-top:1px;--button_border_width-right:1px;--button_border_width-bottom:1px;--button_border_width-left:1px;--button_gradient_top_color:#ee7624;--button_gradient_bottom_color:#ee7624;--button_gradient_top_color_hover:#ffffff;--button_gradient_bottom_color_hover:#ffffff;\" target=\"_self\" href=\"https:\/\/mactwincashsecurity.com\/de\/about\/contact-us\/\"><span class=\"fusion-button-text awb-button__text awb-button__text--default\">KONTAKT AUFNEHMEN<\/span><\/a><\/div><\/div><\/div><\/div><\/div>\n<div class=\"fusion-fullwidth fullwidth-box fusion-builder-row-3 nonhundred-percent-fullwidth non-hundred-percent-height-scrolling\" style=\"--awb-border-radius-top-left:0px;--awb-border-radius-top-right:0px;--awb-border-radius-bottom-right:0px;--awb-border-radius-bottom-left:0px;--awb-margin-top:40px;--awb-flex-wrap:wrap;\" ><div class=\"fusion-builder-row fusion-row\"><div class=\"fusion-layout-column fusion_builder_column fusion-builder-column-2 fusion_builder_column_1_1 1_1 fusion-one-full fusion-column-first fusion-column-last\" style=\"--awb-bg-size:cover;\"><div class=\"fusion-column-wrapper fusion-flex-column-wrapper-legacy\"><div class=\"fusion-text fusion-text-2\"><h4><span title=\"Page 10\">Als Partner von MVO Nederland (CSR Niederlande) unterst\u00fctzen wir das Manifest des Unternehmens. Der Ausgangspunkt f\u00fcr dieses Manifest ist, dass verbundene Betriebe bei jeder Unternehmensentscheidung ein Gleichgewicht zwischen Mensch, Erde und Gewinn anstreben. Aber vielleicht sagt unsere FIRA-Zertifizierung mehr \u00fcber unseren Antrieb in diesem Bereich aus. Dies zeigt, dass wir das Unternehmen mit dem CSR-Prinzip verbinden und helfen, einen gemeinsamen Wert f\u00fcr Kunden, Lieferanten und andere Interessenvertreter zu schaffen.<\/span><\/h4>\n<\/div><div class=\"fusion-sep-clear\"><\/div><div class=\"fusion-separator fusion-full-width-sep\" style=\"margin-left: auto;margin-right: auto;margin-bottom:80px;width:100%;\"><\/div><div class=\"fusion-sep-clear\"><\/div><div class=\"fusion-clearfix\"><\/div><\/div><\/div><\/div><\/div><div class=\"fusion-bg-parallax\" data-bg-align=\"center center\" data-direction=\"down\" data-mute=\"false\" data-opacity=\"100\" data-velocity=\"-0.3\" data-mobile-enabled=\"true\" data-break_parents=\"0\" data-bg-image=\"https:\/\/mactwincashsecurity.com\/wp-content\/uploads\/2018\/10\/Conductor_BG.png\" data-bg-repeat=\"false\" ><\/div><div class=\"fusion-fullwidth fullwidth-box fusion-builder-row-4 fusion-parallax-down nonhundred-percent-fullwidth non-hundred-percent-height-scrolling\" style=\"--awb-border-radius-top-left:0px;--awb-border-radius-top-right:0px;--awb-border-radius-bottom-right:0px;--awb-border-radius-bottom-left:0px;--awb-background-image:url(&quot;https:\/\/mactwincashsecurity.com\/wp-content\/uploads\/2018\/10\/Conductor_BG.png&quot;);--awb-background-size:cover;--awb-flex-wrap:wrap;\" ><div class=\"fusion-builder-row fusion-row\"><div class=\"fusion-layout-column fusion_builder_column fusion-builder-column-3 fusion_builder_column_1_1 1_1 fusion-one-full fusion-column-first fusion-column-last\" style=\"--awb-bg-size:cover;--awb-margin-top:200px;--awb-margin-bottom:200px;\"><div class=\"fusion-column-wrapper fusion-flex-column-wrapper-legacy\"><div class=\"fusion-sep-clear\"><\/div><div class=\"fusion-separator\" style=\"margin-left: auto;margin-right: auto;margin-bottom:30px;width:100%;max-width:206px;\"><div class=\"fusion-separator-border sep-single sep-solid\" style=\"--awb-height:20px;--awb-amount:20px;--awb-sep-color:#ee7624;border-color:#ee7624;border-top-width:1px;\"><\/div><\/div><div class=\"fusion-sep-clear\"><\/div><div class=\"fusion-text fusion-text-3\"><h2 style=\"text-align: center;\" data-fontsize=\"32\" data-lineheight=\"41\"><span style=\"color: #ffffff;\">Verhaltensrichtlinien<\/span><\/h2>\n<h4 style=\"text-align: center;\"><span style=\"color: #ffffff;\"> In Bezug auf CSR hat Mactwin auch einen Verhaltenskodex erstellt, der unseren Mitarbeitern eine Richtlinie f\u00fcr den t\u00e4glichen Betrieb bietet. Dieses Dokument besteht aus Themen wie Gleichbehandlung, Vertraulichkeit &amp; Integrit\u00e4t, Personalpolitik und Umweltschutz. Gesch\u00e4fte nach dem CSR-Prinzip zu handeln ist kein inhaltsleeres Konzept, sondern ein Mehrwert f\u00fcr unser Unternehmen.<\/span><\/h4>\n<h4 style=\"text-align: center;\"><span style=\"color: #ffffff;\"><b><i>Werte wie Innovationskraft, positive Bekanntheit, treue Mitarbeiter und soziales Wohlwollen<\/i><\/b><\/span><\/h4>\n<\/div><div class=\"fusion-sep-clear\"><\/div><div class=\"fusion-separator\" style=\"margin-left: auto;margin-right: auto;margin-top:20px;margin-bottom:30px;width:100%;max-width:206px;\"><div class=\"fusion-separator-border sep-single sep-solid\" style=\"--awb-height:20px;--awb-amount:20px;--awb-sep-color:#ee7624;border-color:#ee7624;border-top-width:1px;\"><\/div><\/div><div class=\"fusion-sep-clear\"><\/div><div class=\"fusion-clearfix\"><\/div><\/div><\/div><\/div><\/div><div class=\"fusion-fullwidth fullwidth-box fusion-builder-row-5 fusion-parallax-none nonhundred-percent-fullwidth non-hundred-percent-height-scrolling\" style=\"--awb-background-position:center top;--awb-background-repeat:repeat-x;--awb-border-radius-top-left:0px;--awb-border-radius-top-right:0px;--awb-border-radius-bottom-right:0px;--awb-border-radius-bottom-left:0px;--awb-padding-top:120px;--awb-padding-bottom:120px;--awb-background-image:url(&quot;https:\/\/mactwincashsecurity.com\/wp-content\/uploads\/2017\/11\/gradient-wit-blauw.jpg&quot;);--awb-flex-wrap:wrap;\" ><div class=\"fusion-builder-row fusion-row\"><div class=\"fusion-layout-column fusion_builder_column fusion-builder-column-4 fusion_builder_column_1_1 1_1 fusion-one-full fusion-column-first fusion-column-last\" style=\"--awb-padding-top:0px;--awb-padding-bottom:40px;--awb-bg-size:cover;\"><div class=\"fusion-column-wrapper fusion-flex-column-wrapper-legacy\"><div class=\"fusion-text fusion-text-4\"><h2>Voraussetzungen f\u00fcr Innovation<\/h2>\n<\/div><div class=\"fusion-text fusion-text-5\"><h4>Eine unserer Hauptvoraussetzungen ist, dass jedes neue Produkt oder neue L\u00f6sung f\u00fcr Mensch und Umwelt sicher ist. Dies sind einige der \u00dcberlegungen, die wir im Innovationsprozess anstellen.<\/h4>\n<\/div><div class=\"fusion-clearfix\"><\/div><\/div><\/div><div class=\"fusion-layout-column fusion_builder_column fusion-builder-column-5 fusion_builder_column_1_3 1_3 fusion-one-third fusion-column-first\" style=\"--awb-padding-top:0px;--awb-bg-size:cover;width:33.333333333333%;width:calc(33.333333333333% - ( ( 4% + 4% ) * 0.33333333333333 ) );margin-right: 4%;\"><div class=\"fusion-column-wrapper fusion-flex-column-wrapper-legacy\"><div class=\"fusion-image-element in-legacy-container\" style=\"--awb-max-width:80%;--awb-caption-title-font-family:var(--h2_typography-font-family);--awb-caption-title-font-weight:var(--h2_typography-font-weight);--awb-caption-title-font-style:var(--h2_typography-font-style);--awb-caption-title-size:var(--h2_typography-font-size);--awb-caption-title-transform:var(--h2_typography-text-transform);--awb-caption-title-line-height:var(--h2_typography-line-height);--awb-caption-title-letter-spacing:var(--h2_typography-letter-spacing);\"><span class=\" fusion-imageframe imageframe-none imageframe-1 hover-type-none\"><img decoding=\"async\" width=\"600\" height=\"358\" title=\"Safety Icon-04\" data-src=\"https:\/\/mactwincashsecurity.com\/wp-content\/uploads\/2018\/10\/Safety-Icon-04.png\" alt class=\"img-responsive wp-image-14954 lazyload\" data-srcset=\"https:\/\/mactwincashsecurity.com\/wp-content\/uploads\/2018\/10\/Safety-Icon-04-200x119.png 200w, https:\/\/mactwincashsecurity.com\/wp-content\/uploads\/2018\/10\/Safety-Icon-04-400x239.png 400w, https:\/\/mactwincashsecurity.com\/wp-content\/uploads\/2018\/10\/Safety-Icon-04.png 600w\" data-sizes=\"(max-width: 800px) 100vw, 400px\" src=\"data:image\/svg+xml;base64,PHN2ZyB3aWR0aD0iMSIgaGVpZ2h0PSIxIiB4bWxucz0iaHR0cDovL3d3dy53My5vcmcvMjAwMC9zdmciPjwvc3ZnPg==\" style=\"--smush-placeholder-width: 600px; --smush-placeholder-aspect-ratio: 600\/358;\" \/><\/span><\/div><div class=\"fusion-text fusion-text-6\"><h3>Sicherheit<\/h3>\n<p>Die Sicherheit f\u00fcr die Geldtransportverwahrer ist bei der Entwicklung von L\u00f6sungen zur Geldentwertung von gr\u00f6\u00dfter Bedeutung. Im Gegensatz zu anderen (auf Tinte basierenden) Systemen basiert GlueFusion auf einem Niederdruckdispersionsverfahren. Bei einer Aktivierung befindet sich praktisch der gesamte Klebstoff in der Kassette. Alle Produkte sind mit Sicherheitsfunktionen ausgestattet, um m\u00f6glicherweise sch\u00e4dlichen Missbrauch zu verhindern.<\/p>\n<\/div><div class=\"fusion-clearfix\"><\/div><\/div><\/div><div class=\"fusion-layout-column fusion_builder_column fusion-builder-column-6 fusion_builder_column_1_3 1_3 fusion-one-third\" style=\"--awb-bg-size:cover;width:33.333333333333%;width:calc(33.333333333333% - ( ( 4% + 4% ) * 0.33333333333333 ) );margin-right: 4%;\"><div class=\"fusion-column-wrapper fusion-flex-column-wrapper-legacy\"><div class=\"fusion-image-element in-legacy-container\" style=\"--awb-max-width:80%;--awb-caption-title-font-family:var(--h2_typography-font-family);--awb-caption-title-font-weight:var(--h2_typography-font-weight);--awb-caption-title-font-style:var(--h2_typography-font-style);--awb-caption-title-size:var(--h2_typography-font-size);--awb-caption-title-transform:var(--h2_typography-text-transform);--awb-caption-title-line-height:var(--h2_typography-line-height);--awb-caption-title-letter-spacing:var(--h2_typography-letter-spacing);\"><span class=\" fusion-imageframe imageframe-none imageframe-2 hover-type-none\"><img decoding=\"async\" width=\"600\" height=\"358\" title=\"Health Icon-05\" data-src=\"https:\/\/mactwincashsecurity.com\/wp-content\/uploads\/2018\/10\/Health-Icon-05.png\" alt class=\"img-responsive wp-image-14953 lazyload\" data-srcset=\"https:\/\/mactwincashsecurity.com\/wp-content\/uploads\/2018\/10\/Health-Icon-05-200x119.png 200w, https:\/\/mactwincashsecurity.com\/wp-content\/uploads\/2018\/10\/Health-Icon-05-400x239.png 400w, https:\/\/mactwincashsecurity.com\/wp-content\/uploads\/2018\/10\/Health-Icon-05.png 600w\" data-sizes=\"(max-width: 800px) 100vw, 400px\" src=\"data:image\/svg+xml;base64,PHN2ZyB3aWR0aD0iMSIgaGVpZ2h0PSIxIiB4bWxucz0iaHR0cDovL3d3dy53My5vcmcvMjAwMC9zdmciPjwvc3ZnPg==\" style=\"--smush-placeholder-width: 600px; --smush-placeholder-aspect-ratio: 600\/358;\" \/><\/span><\/div><div class=\"fusion-text fusion-text-7\"><h3>Gesundheit<\/h3>\n<p>Wenn ein Produkt, wie die MactwinBox, tragbar ist, wird jeder Bestandteil sorgf\u00e4ltig gepr\u00fcft und gewogen, um das Produkt so leicht wie m\u00f6glich zu halten. Unsere F&#038;E-Mitarbeiter werden regelm\u00e4\u00dfig eingesetzt, um aus erster Hand Informationen \u00fcber die Verwendung des Produkts zu erhalten. Wie funktioniert es und wie f\u00fchlt es sich nach einem Arbeitstag an? Wir geben alles, um das Risiko von RSI-Syndrom oder \u00dcberlastung zu minimieren. Nat\u00fcrlich ohne Kompromisse bei der Qualit\u00e4t.<\/p>\n<\/div><div class=\"fusion-clearfix\"><\/div><\/div><\/div><div class=\"fusion-layout-column fusion_builder_column fusion-builder-column-7 fusion_builder_column_1_3 1_3 fusion-one-third fusion-column-last\" style=\"--awb-bg-size:cover;width:33.333333333333%;width:calc(33.333333333333% - ( ( 4% + 4% ) * 0.33333333333333 ) );\"><div class=\"fusion-column-wrapper fusion-flex-column-wrapper-legacy\"><div class=\"fusion-image-element in-legacy-container\" style=\"--awb-max-width:80%;--awb-caption-title-font-family:var(--h2_typography-font-family);--awb-caption-title-font-weight:var(--h2_typography-font-weight);--awb-caption-title-font-style:var(--h2_typography-font-style);--awb-caption-title-size:var(--h2_typography-font-size);--awb-caption-title-transform:var(--h2_typography-text-transform);--awb-caption-title-line-height:var(--h2_typography-line-height);--awb-caption-title-letter-spacing:var(--h2_typography-letter-spacing);\"><span class=\" fusion-imageframe imageframe-none imageframe-3 hover-type-none\"><img decoding=\"async\" width=\"600\" height=\"358\" title=\"Durability Icon-05\" data-src=\"https:\/\/mactwincashsecurity.com\/wp-content\/uploads\/2018\/10\/Durability-Icon-05.png\" alt class=\"img-responsive wp-image-14952 lazyload\" data-srcset=\"https:\/\/mactwincashsecurity.com\/wp-content\/uploads\/2018\/10\/Durability-Icon-05-200x119.png 200w, https:\/\/mactwincashsecurity.com\/wp-content\/uploads\/2018\/10\/Durability-Icon-05-400x239.png 400w, https:\/\/mactwincashsecurity.com\/wp-content\/uploads\/2018\/10\/Durability-Icon-05.png 600w\" data-sizes=\"(max-width: 800px) 100vw, 400px\" src=\"data:image\/svg+xml;base64,PHN2ZyB3aWR0aD0iMSIgaGVpZ2h0PSIxIiB4bWxucz0iaHR0cDovL3d3dy53My5vcmcvMjAwMC9zdmciPjwvc3ZnPg==\" style=\"--smush-placeholder-width: 600px; --smush-placeholder-aspect-ratio: 600\/358;\" \/><\/span><\/div><div class=\"fusion-text fusion-text-8\"><h3>Haltbarkeit<\/h3>\n<p>Unsere L\u00f6sungen bieten nicht nur innovative und ma\u00dfgeschneiderte Sicherheitsl\u00f6sungen, sondern zeichnen sich auch dadurch aus, dass sie f\u00fcr Langlebigkeit gebaut sind. Durch den Fokus auf Langlebigkeit unterscheiden wir uns von der Konkurrenz, indem wir die Bedienung- und Wartungskosten niedrig halten und die Ausfallzeiten auf ein Minimum beschr\u00e4nken. Die Lebenserwartung von Produkten wie unsere MactwinBox \u00fcbertreffen h\u00e4ufig unsere eigenen Prognosen. MactwinBoxen mit mehr als 10 Jahren im Einsatz sind keine Ausnahmen. Die lange Lebensdauer unserer Produkte in Kombination mit dem reduzierten Wartungsaufwand erm\u00f6glicht es uns, unseren CO2-Fu\u00dfabdruck und Materialabfall zu reduzieren.<\/p>\n<\/div><div class=\"fusion-clearfix\"><\/div><\/div><\/div><\/div><\/div><div class=\"fusion-bg-parallax\" data-bg-align=\"center center\" data-direction=\"up\" data-mute=\"false\" data-opacity=\"100\" data-velocity=\"-0.5\" data-mobile-enabled=\"false\" data-break_parents=\"0\" data-bg-image=\"https:\/\/mactwincashsecurity.com\/wp-content\/uploads\/2017\/12\/MactwinBox-4s-blurred-softskin-CIT-operation-1200x800.jpg\" data-bg-repeat=\"false\" ><\/div><div class=\"fusion-fullwidth fullwidth-box fusion-builder-row-6 fusion-parallax-up nonhundred-percent-fullwidth non-hundred-percent-height-scrolling\" style=\"--awb-border-radius-top-left:0px;--awb-border-radius-top-right:0px;--awb-border-radius-bottom-right:0px;--awb-border-radius-bottom-left:0px;--awb-background-image:url(&quot;https:\/\/mactwincashsecurity.com\/wp-content\/uploads\/2017\/12\/MactwinBox-4s-blurred-softskin-CIT-operation-1200x800.jpg&quot;);--awb-background-size:cover;--awb-flex-wrap:wrap;\" ><div class=\"fusion-builder-row fusion-row\"><div class=\"fusion-layout-column fusion_builder_column fusion-builder-column-8 fusion_builder_column_1_1 1_1 fusion-one-full fusion-column-first fusion-column-last\" style=\"--awb-bg-size:cover;--awb-margin-top:200px;--awb-margin-bottom:200px;\"><div class=\"fusion-column-wrapper fusion-flex-column-wrapper-legacy\"><div class=\"fusion-sep-clear\"><\/div><div class=\"fusion-separator\" style=\"margin-left: auto;margin-right: auto;margin-top:0px;margin-bottom:30px;width:100%;max-width:206px;\"><div class=\"fusion-separator-border sep-single sep-solid\" style=\"--awb-height:20px;--awb-amount:20px;--awb-sep-color:#ee7624;border-color:#ee7624;border-top-width:1px;\"><\/div><\/div><div class=\"fusion-sep-clear\"><\/div><div class=\"fusion-text fusion-text-9\"><h2 style=\"text-align: center;\" data-fontsize=\"32\" data-lineheight=\"41\"><span style=\"color: #ffffff;\">Sicherheit, Haltbarkeit und Gesamtbetriebskosten<\/span><\/h2>\n<h4 style=\"text-align: center;\"><span style=\"color: #ffffff;\">Nat\u00fcrlich werden alle Verunstaltungsprozesse in einer geschlossenen internen Umgebung ausgef\u00fchrt: unserem Produkt. \u00c4hnlich wie ein Verbrennungsmotor in Autos. Das bedeutet, dass im Falle einer Aktivierung eine energiereiche Verunstaltung f\u00fcr Ihr Aufsichtspersonal und deren Umgebung harmlos ist. Bei der Entwicklung eines Produkts haben wir immer das beste Interesse unserer Umwelt am Herzen. Alle Bestandteile unserer L\u00f6sungen werden unter Ber\u00fccksichtigung der Haltbarkeit hergestellt, was zu niedrigen Gesamtbetriebskosten und l\u00e4ngeren Lebenszeiten f\u00fcr Produkt, Mensch und Erde f\u00fchrt.<\/span><\/h4>\n<\/div><div class=\"fusion-sep-clear\"><\/div><div class=\"fusion-separator\" style=\"margin-left: auto;margin-right: auto;margin-top:20px;margin-bottom:30px;width:100%;max-width:206px;\"><div class=\"fusion-separator-border sep-single sep-solid\" style=\"--awb-height:20px;--awb-amount:20px;--awb-sep-color:#ee7624;border-color:#ee7624;border-top-width:1px;\"><\/div><\/div><div class=\"fusion-sep-clear\"><\/div><div class=\"fusion-clearfix\"><\/div><\/div><\/div><\/div><\/div><\/p>\n","protected":false},"excerpt":{"rendered":"","protected":false},"author":6,"featured_media":0,"parent":14913,"menu_order":3,"comment_status":"closed","ping_status":"closed","template":"100-width.php","meta":{"footnotes":""},"class_list":["post-14853","page","type-page","status-publish","hentry"],"_links":{"self":[{"href":"https:\/\/mactwincashsecurity.com\/de\/wp-json\/wp\/v2\/pages\/14853","targetHints":{"allow":["GET"]}}],"collection":[{"href":"https:\/\/mactwincashsecurity.com\/de\/wp-json\/wp\/v2\/pages"}],"about":[{"href":"https:\/\/mactwincashsecurity.com\/de\/wp-json\/wp\/v2\/types\/page"}],"author":[{"embeddable":true,"href":"https:\/\/mactwincashsecurity.com\/de\/wp-json\/wp\/v2\/users\/6"}],"replies":[{"embeddable":true,"href":"https:\/\/mactwincashsecurity.com\/de\/wp-json\/wp\/v2\/comments?post=14853"}],"version-history":[{"count":0,"href":"https:\/\/mactwincashsecurity.com\/de\/wp-json\/wp\/v2\/pages\/14853\/revisions"}],"up":[{"embeddable":true,"href":"https:\/\/mactwincashsecurity.com\/de\/wp-json\/wp\/v2\/pages\/14913"}],"wp:attachment":[{"href":"https:\/\/mactwincashsecurity.com\/de\/wp-json\/wp\/v2\/media?parent=14853"}],"curies":[{"name":"wp","href":"https:\/\/api.w.org\/{rel}","templated":true}]}}